{"id":7021,"date":"2023-11-21T19:48:33","date_gmt":"2023-11-21T18:48:33","guid":{"rendered":"https:\/\/bozicnejaslice.si\/chi-siamo\/"},"modified":"2026-03-30T23:39:45","modified_gmt":"2026-03-30T21:39:45","slug":"chi-siamo","status":"publish","type":"page","link":"https:\/\/bozicnejaslice.si\/it\/chi-siamo\/","title":{"rendered":"Chi siamo"},"content":{"rendered":"\t\t<div data-elementor-type=\"wp-page\" data-elementor-id=\"7021\" class=\"elementor elementor-7021 elementor-6385\">\n\t\t\t\t\t\t<section class=\"elementor-section elementor-top-section elementor-element elementor-element-641c5ac elementor-section-boxed elementor-section-height-default elementor-section-height-default\" data-id=\"641c5ac\" data-element_type=\"section\" data-e-type=\"section\" data-settings=\"{&quot;background_background&quot;:&quot;classic&quot;}\">\n\t\t\t\t\t\t<div class=\"elementor-container elementor-column-gap-no\">\n\t\t\t\t\t<div class=\"elementor-column elementor-col-100 elementor-top-column elementor-element elementor-element-cee5f90\" data-id=\"cee5f90\" data-element_type=\"column\" data-e-type=\"column\">\n\t\t\t<div class=\"elementor-widget-wrap elementor-element-populated\">\n\t\t\t\t\t\t<div class=\"elementor-element elementor-element-e0d94ac elementor-widget elementor-widget-heading\" data-id=\"e0d94ac\" data-element_type=\"widget\" data-e-type=\"widget\" data-widget_type=\"heading.default\">\n\t\t\t\t<div class=\"elementor-widget-container\">\n\t\t\t\t\t<h2 class=\"elementor-heading-title elementor-size-default\">Conoscerci  <\/h2>\t\t\t\t<\/div>\n\t\t\t\t<\/div>\n\t\t\t\t<section class=\"elementor-section elementor-inner-section elementor-element elementor-element-5373522 elementor-section-boxed elementor-section-height-default elementor-section-height-default\" data-id=\"5373522\" data-element_type=\"section\" data-e-type=\"section\">\n\t\t\t\t\t\t<div class=\"elementor-container elementor-column-gap-no\">\n\t\t\t\t\t<div class=\"elementor-column elementor-col-33 elementor-inner-column elementor-element elementor-element-69475c7\" data-id=\"69475c7\" data-element_type=\"column\" data-e-type=\"column\">\n\t\t\t<div class=\"elementor-widget-wrap elementor-element-populated\">\n\t\t\t\t\t\t<div class=\"elementor-element elementor-element-2cdcea2 elementor-widget__width-initial elementor-widget elementor-widget-image\" data-id=\"2cdcea2\" data-element_type=\"widget\" data-e-type=\"widget\" data-widget_type=\"image.default\">\n\t\t\t\t<div class=\"elementor-widget-container\">\n\t\t\t\t\t\t\t\t\t\t\t\t\t\t\t<img fetchpriority=\"high\" decoding=\"async\" width=\"1024\" height=\"768\" src=\"https:\/\/bozicnejaslice.si\/wp-content\/uploads\/2023\/11\/bozicne-jaslice-kdo-smo-1024x768.jpg\" class=\"attachment-large size-large wp-image-6404\" alt=\"Presepe natalizio: chi siamo?\" srcset=\"https:\/\/bozicnejaslice.si\/wp-content\/uploads\/2023\/11\/bozicne-jaslice-kdo-smo-1024x768.jpg 1024w, https:\/\/bozicnejaslice.si\/wp-content\/uploads\/2023\/11\/bozicne-jaslice-kdo-smo-300x225.jpg 300w, https:\/\/bozicnejaslice.si\/wp-content\/uploads\/2023\/11\/bozicne-jaslice-kdo-smo-768x576.jpg 768w, https:\/\/bozicnejaslice.si\/wp-content\/uploads\/2023\/11\/bozicne-jaslice-kdo-smo-1536x1152.jpg 1536w, https:\/\/bozicnejaslice.si\/wp-content\/uploads\/2023\/11\/bozicne-jaslice-kdo-smo-600x450.jpg 600w, https:\/\/bozicnejaslice.si\/wp-content\/uploads\/2023\/11\/bozicne-jaslice-kdo-smo.jpg 1600w\" sizes=\"(max-width: 1024px) 100vw, 1024px\" \/>\t\t\t\t\t\t\t\t\t\t\t\t\t\t\t<\/div>\n\t\t\t\t<\/div>\n\t\t\t\t<div class=\"elementor-element elementor-element-7d79f9d elementor-widget elementor-widget-image-box\" data-id=\"7d79f9d\" data-element_type=\"widget\" data-e-type=\"widget\" data-widget_type=\"image-box.default\">\n\t\t\t\t<div class=\"elementor-widget-container\">\n\t\t\t\t\t<div class=\"elementor-image-box-wrapper\"><div class=\"elementor-image-box-content\"><h3 class=\"elementor-image-box-title\">Cvetka Rednak<\/h3><p class=\"elementor-image-box-description\">Padronanza delle abilit\u00e0 manuali<\/p><\/div><\/div>\t\t\t\t<\/div>\n\t\t\t\t<\/div>\n\t\t\t\t\t<\/div>\n\t\t<\/div>\n\t\t\t\t<div class=\"elementor-column elementor-col-33 elementor-inner-column elementor-element elementor-element-cb1e3fe\" data-id=\"cb1e3fe\" data-element_type=\"column\" data-e-type=\"column\">\n\t\t\t<div class=\"elementor-widget-wrap elementor-element-populated\">\n\t\t\t\t\t\t<div class=\"elementor-element elementor-element-fb514bb elementor-widget elementor-widget-image\" data-id=\"fb514bb\" data-element_type=\"widget\" data-e-type=\"widget\" data-widget_type=\"image.default\">\n\t\t\t\t<div class=\"elementor-widget-container\">\n\t\t\t\t\t\t\t\t\t\t\t\t\t\t\t\t<a href=\"https:\/\/gregarednak.com\/wp-content\/uploads\/2022\/12\/grega-rednak.webp\">\n\t\t\t\t\t\t\t<img decoding=\"async\" width=\"768\" height=\"970\" src=\"https:\/\/bozicnejaslice.si\/wp-content\/uploads\/2023\/11\/grega-rednak-1-768x970.webp\" class=\"attachment-medium_large size-medium_large wp-image-6413\" alt=\"Greg Rednak\" srcset=\"https:\/\/bozicnejaslice.si\/wp-content\/uploads\/2023\/11\/grega-rednak-1-768x970.webp 768w, https:\/\/bozicnejaslice.si\/wp-content\/uploads\/2023\/11\/grega-rednak-1-238x300.webp 238w, https:\/\/bozicnejaslice.si\/wp-content\/uploads\/2023\/11\/grega-rednak-1-600x758.webp 600w, https:\/\/bozicnejaslice.si\/wp-content\/uploads\/2023\/11\/grega-rednak-1.webp 806w\" sizes=\"(max-width: 768px) 100vw, 768px\" \/>\t\t\t\t\t\t\t\t<\/a>\n\t\t\t\t\t\t\t\t\t\t\t\t\t\t\t<\/div>\n\t\t\t\t<\/div>\n\t\t\t\t<div class=\"elementor-element elementor-element-31ba7de elementor-widget elementor-widget-image-box\" data-id=\"31ba7de\" data-element_type=\"widget\" data-e-type=\"widget\" data-widget_type=\"image-box.default\">\n\t\t\t\t<div class=\"elementor-widget-container\">\n\t\t\t\t\t<div class=\"elementor-image-box-wrapper\"><div class=\"elementor-image-box-content\"><h3 class=\"elementor-image-box-title\">Greg Rednak  <\/h3><p class=\"elementor-image-box-description\">IT e vendite<\/p><\/div><\/div>\t\t\t\t<\/div>\n\t\t\t\t<\/div>\n\t\t\t\t\t<\/div>\n\t\t<\/div>\n\t\t\t\t<div class=\"elementor-column elementor-col-33 elementor-inner-column elementor-element elementor-element-dc34757\" data-id=\"dc34757\" data-element_type=\"column\" data-e-type=\"column\">\n\t\t\t<div class=\"elementor-widget-wrap elementor-element-populated\">\n\t\t\t\t\t\t<div class=\"elementor-element elementor-element-6548f73 elementor-widget__width-initial elementor-widget elementor-widget-image\" data-id=\"6548f73\" data-element_type=\"widget\" data-e-type=\"widget\" data-widget_type=\"image.default\">\n\t\t\t\t<div class=\"elementor-widget-container\">\n\t\t\t\t\t\t\t\t\t\t\t\t\t\t\t<img decoding=\"async\" width=\"253\" height=\"272\" src=\"https:\/\/bozicnejaslice.si\/wp-content\/uploads\/2023\/11\/leja.webp\" class=\"attachment-large size-large wp-image-6410\" alt=\"leja\" \/>\t\t\t\t\t\t\t\t\t\t\t\t\t\t\t<\/div>\n\t\t\t\t<\/div>\n\t\t\t\t<div class=\"elementor-element elementor-element-422da24 elementor-widget elementor-widget-image-box\" data-id=\"422da24\" data-element_type=\"widget\" data-e-type=\"widget\" data-widget_type=\"image-box.default\">\n\t\t\t\t<div class=\"elementor-widget-container\">\n\t\t\t\t\t<div class=\"elementor-image-box-wrapper\"><div class=\"elementor-image-box-content\"><h3 class=\"elementor-image-box-title\">Leja Goljat<\/h3><p class=\"elementor-image-box-description\">Custode di saluti e gioia amichevole<\/p><\/div><\/div>\t\t\t\t<\/div>\n\t\t\t\t<\/div>\n\t\t\t\t\t<\/div>\n\t\t<\/div>\n\t\t\t\t\t<\/div>\n\t\t<\/section>\n\t\t\t\t\t<\/div>\n\t\t<\/div>\n\t\t\t\t\t<\/div>\n\t\t<\/section>\n\t\t<div class=\"elementor-element elementor-element-dfd5863 e-flex e-con-boxed e-con e-parent\" data-id=\"dfd5863\" data-element_type=\"container\" data-e-type=\"container\">\n\t\t\t\t\t<div class=\"e-con-inner\">\n\t\t\t\t<div class=\"elementor-element elementor-element-8f4370b elementor-widget elementor-widget-text-editor\" data-id=\"8f4370b\" data-element_type=\"widget\" data-e-type=\"widget\" data-widget_type=\"text-editor.default\">\n\t\t\t\t<div class=\"elementor-widget-container\">\n\t\t\t\t\t\t\t\t\t<p>Il Natale, considerato da molti il periodo pi\u00f9 magico dell&#8217;anno, si avvicina. \u00c8 una festa che si trascorre per lo pi\u00f9 con la famiglia e gli amici e che ci regala una sensazione di calore e felicit\u00e0. Le decorazioni natalizie (albero di Natale, presepe, ghirlande, candele, ecc.) hanno un ruolo molto importante nel creare un&#8217;atmosfera di festa in casa. Cvetka Rednak ne \u00e8 sempre stata consapevole e ogni anno trascorre il Natale con la sua famiglia. Insieme hanno montato l&#8217;albero di Natale, le luci natalizie e il resto delle decorazioni. Cvetka presta particolare attenzione al presepe, che ha un fascino speciale per lei. A Cvetka \u00e8 sempre piaciuto allestire i presepi perch\u00e9 sono l&#8217;essenza del Natale e sono la nostra tradizione. Poich\u00e9 l&#8217;offerta di statuine e accessori di qualit\u00e0 per il presepe stava diventando sempre pi\u00f9 scarsa nei negozi, decise di iniziare a produrli da sola. Si impegna molto, con amore e tempo, per realizzare i suoi presepi e il risultato \u00e8 una culla bellissima e dall&#8217;aspetto naturale. Ogni presepe \u00e8 unico, cos\u00ec come ogni albero da cui viene ricavato. Il materiale di base per il presepe \u00e8 il legno di scarto (proveniente da lavori di falegnameria), con altri materiali naturali come pietra, argilla e altro. Trova questi materiali intorno a casa sua, nei boschi, al mare e li raccoglie tutto l&#8217;anno. L&#8217;utilizzo di questi materiali naturali di &#8220;scarto&#8221; riflette la sostenibilit\u00e0 e la responsabilit\u00e0 nei confronti della natura. Ci vuole molta manualit\u00e0 e creativit\u00e0 per realizzare un presepe di questo tipo. Come ogni artista, Cvetka ha la sua musa ispiratrice. Sono i suoi figli, che la incoraggiano nel suo lavoro. Uno dei suoi figli, Grega Rednak, ha creato un negozio online dove \u00e8 possibile acquistare presepi per tutti coloro che desiderano illuminare la propria casa a Natale con un presepe speciale.<\/p><p>Anche Grega Rednak ha  <a href=\"https:\/\/grsoftware.si\">azienda per la trasformazione digitale delle aziende GR Software, d. o. o.  <\/a><\/p>\t\t\t\t\t\t\t\t<\/div>\n\t\t\t\t<\/div>\n\t\t\t\t\t<\/div>\n\t\t\t\t<\/div>\n\t\t\t\t<\/div>\n\t\t","protected":false},"excerpt":{"rendered":"<p>Conoscerci Cvetka Rednak Padronanza delle abilit\u00e0 manuali Greg Rednak IT e vendite Leja Goljat Custode di saluti e gioia amichevole Il Natale, considerato da molti il periodo pi\u00f9 magico dell&#8217;anno, si avvicina. \u00c8 una festa che si trascorre per lo pi\u00f9 con la famiglia e gli amici e che ci regala una sensazione di calore [&hellip;]<\/p>\n","protected":false},"author":1,"featured_media":0,"parent":0,"menu_order":0,"comment_status":"closed","ping_status":"closed","template":"","meta":{"site-sidebar-layout":"no-sidebar","site-content-layout":"page-builder","ast-site-content-layout":"full-width-container","site-content-style":"default","site-sidebar-style":"default","ast-global-header-display":"","ast-banner-title-visibility":"","ast-main-header-display":"","ast-hfb-above-header-display":"","ast-hfb-below-header-display":"","ast-hfb-mobile-header-display":"","site-post-title":"disabled","ast-breadcrumbs-content":"","ast-featured-img":"disabled","footer-sml-layout":"","ast-disable-related-posts":"","theme-transparent-header-meta":"","adv-header-id-meta":"","stick-header-meta":"","header-above-stick-meta":"","header-main-stick-meta":"","header-below-stick-meta":"","astra-migrate-meta-layouts":"default","ast-page-background-enabled":"default","ast-page-background-meta":{"desktop":{"background-color":"","background-image":"","background-repeat":"repeat","background-position":"center center","background-size":"auto","background-attachment":"scroll","background-type":"","background-media":"","overlay-type":"","overlay-color":"","overlay-opacity":"","overlay-gradient":""},"tablet":{"background-color":"","background-image":"","background-repeat":"repeat","background-position":"center center","background-size":"auto","background-attachment":"scroll","background-type":"","background-media":"","overlay-type":"","overlay-color":"","overlay-opacity":"","overlay-gradient":""},"mobile":{"background-color":"","background-image":"","background-repeat":"repeat","background-position":"center center","background-size":"auto","background-attachment":"scroll","background-type":"","background-media":"","overlay-type":"","overlay-color":"","overlay-opacity":"","overlay-gradient":""}},"ast-content-background-meta":{"desktop":{"background-color":"var(--ast-global-color-5)","background-image":"","background-repeat":"repeat","background-position":"center center","background-size":"auto","background-attachment":"scroll","background-type":"","background-media":"","overlay-type":"","overlay-color":"","overlay-opacity":"","overlay-gradient":""},"tablet":{"background-color":"var(--ast-global-color-5)","background-image":"","background-repeat":"repeat","background-position":"center center","background-size":"auto","background-attachment":"scroll","background-type":"","background-media":"","overlay-type":"","overlay-color":"","overlay-opacity":"","overlay-gradient":""},"mobile":{"background-color":"var(--ast-global-color-5)","background-image":"","background-repeat":"repeat","background-position":"center center","background-size":"auto","background-attachment":"scroll","background-type":"","background-media":"","overlay-type":"","overlay-color":"","overlay-opacity":"","overlay-gradient":""}},"footnotes":""},"class_list":["post-7021","page","type-page","status-publish","hentry"],"aioseo_notices":[],"_links":{"self":[{"href":"https:\/\/bozicnejaslice.si\/it\/wp-json\/wp\/v2\/pages\/7021","targetHints":{"allow":["GET"]}}],"collection":[{"href":"https:\/\/bozicnejaslice.si\/it\/wp-json\/wp\/v2\/pages"}],"about":[{"href":"https:\/\/bozicnejaslice.si\/it\/wp-json\/wp\/v2\/types\/page"}],"author":[{"embeddable":true,"href":"https:\/\/bozicnejaslice.si\/it\/wp-json\/wp\/v2\/users\/1"}],"replies":[{"embeddable":true,"href":"https:\/\/bozicnejaslice.si\/it\/wp-json\/wp\/v2\/comments?post=7021"}],"version-history":[{"count":3,"href":"https:\/\/bozicnejaslice.si\/it\/wp-json\/wp\/v2\/pages\/7021\/revisions"}],"predecessor-version":[{"id":8567,"href":"https:\/\/bozicnejaslice.si\/it\/wp-json\/wp\/v2\/pages\/7021\/revisions\/8567"}],"wp:attachment":[{"href":"https:\/\/bozicnejaslice.si\/it\/wp-json\/wp\/v2\/media?parent=7021"}],"curies":[{"name":"wp","href":"https:\/\/api.w.org\/{rel}","templated":true}]}}