{"id":8447,"date":"2025-11-07T22:13:53","date_gmt":"2025-11-07T21:13:53","guid":{"rendered":"https:\/\/bozicnejaslice.si\/babbo-natale-misterioso-estrazione-di-persone\/"},"modified":"2025-11-18T08:55:25","modified_gmt":"2025-11-18T07:55:25","slug":"babbo-natale-misterioso-estrazione-di-persone","status":"publish","type":"page","link":"https:\/\/bozicnejaslice.si\/it\/babbo-natale-misterioso-estrazione-di-persone\/","title":{"rendered":"Babbo Natale Misterioso &#8211; Estrazione di Persone"},"content":{"rendered":"\t\t<div data-elementor-type=\"wp-page\" data-elementor-id=\"8447\" class=\"elementor elementor-8447 elementor-8282\">\n\t\t\t\t<div class=\"elementor-element elementor-element-2e1f3dfd e-flex e-con-boxed e-con e-parent\" data-id=\"2e1f3dfd\" data-element_type=\"container\" data-e-type=\"container\">\n\t\t\t\t\t<div class=\"e-con-inner\">\n\t\t\t\t<div class=\"elementor-element elementor-element-5f20274 elementor-widget elementor-widget-heading\" data-id=\"5f20274\" data-element_type=\"widget\" data-e-type=\"widget\" data-widget_type=\"heading.default\">\n\t\t\t\t<div class=\"elementor-widget-container\">\n\t\t\t\t\t<h1 class=\"elementor-heading-title elementor-size-default\">Babbo Natale Segreto \u2013 Estrazione online di persone<\/h1>\t\t\t\t<\/div>\n\t\t\t\t<\/div>\n\t\t\t\t<div class=\"elementor-element elementor-element-08e43cc elementor-absolute elementor-widget elementor-widget-button\" data-id=\"08e43cc\" data-element_type=\"widget\" data-e-type=\"widget\" id=\"my-scroll-down\" data-settings=\"{&quot;_position&quot;:&quot;absolute&quot;}\" data-widget_type=\"button.default\">\n\t\t\t\t<div class=\"elementor-widget-container\">\n\t\t\t\t\t\t\t\t\t<div class=\"elementor-button-wrapper\">\n\t\t\t\t\t<a class=\"elementor-button elementor-button-link elementor-size-sm\" href=\"#zrebanje\">\n\t\t\t\t\t\t<span class=\"elementor-button-content-wrapper\">\n\t\t\t\t\t\t<span class=\"elementor-button-icon\">\n\t\t\t\t<svg aria-hidden=\"true\" class=\"e-font-icon-svg e-far-arrow-alt-circle-down\" viewBox=\"0 0 512 512\" xmlns=\"http:\/\/www.w3.org\/2000\/svg\"><path d=\"M256 8C119 8 8 119 8 256s111 248 248 248 248-111 248-248S393 8 256 8zm0 448c-110.5 0-200-89.5-200-200S145.5 56 256 56s200 89.5 200 200-89.5 200-200 200zm-32-316v116h-67c-10.7 0-16 12.9-8.5 20.5l99 99c4.7 4.7 12.3 4.7 17 0l99-99c7.6-7.6 2.2-20.5-8.5-20.5h-67V140c0-6.6-5.4-12-12-12h-40c-6.6 0-12 5.4-12 12z\"><\/path><\/svg>\t\t\t<\/span>\n\t\t\t\t\t\t\t\t<\/span>\n\t\t\t\t\t<\/a>\n\t\t\t\t<\/div>\n\t\t\t\t\t\t\t\t<\/div>\n\t\t\t\t<\/div>\n\t\t\t\t<div class=\"elementor-element elementor-element-ce0a38f elementor-widget elementor-widget-text-editor\" data-id=\"ce0a38f\" data-element_type=\"widget\" data-e-type=\"widget\" data-widget_type=\"text-editor.default\">\n\t\t\t\t<div class=\"elementor-widget-container\">\n\t\t\t\t\t\t\t\t\t<p data-start=\"677\" data-end=\"847\">Stai organizzando un Babbo Natale segreto?<br data-start=\"707\" data-end=\"710\">Con il nostro strumento gratuito, puoi rapidamente e facilmente estrarre chi dar\u00e0 a chi \u2013 niente biglietti, niente registrazione e nessuna dichiarazione \ud83c\udf85<\/p>\n<p data-start=\"849\" data-end=\"1021\">Aggiungi i nomi di tutti i partecipanti, crea un sorteggio e condividi il link con loro.<br data-start=\"917\" data-end=\"920\">Ogni partecipante far\u00e0 girare la ruota sul proprio link e scoprir\u00e0 chi sorprender\u00e0 con un regalo quest&#8217;anno. \u2728<\/p>\n<h3 data-start=\"1028\" data-end=\"1046\">\ud83d\udca1 Come funziona<\/h3>\n<p data-start=\"1047\" data-end=\"1238\">1\ufe0f\u20e3 Inserire i nomi di tutte le persone che partecipano all&#8217;estrazione.<br data-start=\"1096\" data-end=\"1099\">2\ufe0f\u20e3 Clicca <strong data-start=\"1110\" data-end=\"1128\">su &#8220;Crea estrazione&#8221;.<\/strong><br data-start=\"1129\" data-end=\"1132\">3\ufe0f\u20e3 Condividi il link con amici o familiari.<br data-start=\"1175\" data-end=\"1178\">4\ufe0f\u20e3 Tutti dovrebbero girare la ruota e scoprire chi fare i regali. \ud83c\udf84<\/p>\n<p data-start=\"1240\" data-end=\"1313\">Semplice, onesto e divertente \u2014 proprio come dovrebbe essere un vero Babbo Natale segreto. \ud83c\udf81<\/p>\n<h3 data-start=\"1320\" data-end=\"1355\">\ud83c\udf85 Perch\u00e9 usare questo strumento?<\/h3>\n<ul data-start=\"1356\" data-end=\"1580\">\n<li data-start=\"1356\" data-end=\"1394\">\n<p data-start=\"1358\" data-end=\"1394\">Nessuna registrazione  <\/p>\n<\/li>\n<li data-start=\"1395\" data-end=\"1436\">\n<p data-start=\"1397\" data-end=\"1436\">Completamente gratuito e aperto a tutti<\/p>\n<\/li>\n<li data-start=\"1437\" data-end=\"1485\">\n<p data-start=\"1439\" data-end=\"1485\">Ideale per famiglie, amici o colleghi<\/p>\n<\/li>\n<li data-start=\"1486\" data-end=\"1534\">\n<p data-start=\"1488\" data-end=\"1534\">Puoi usarlo sul computer o sul telefono<\/p>\n<\/li>\n<li data-start=\"1535\" data-end=\"1580\">\n<p data-start=\"1537\" data-end=\"1580\">Nato dalla pura buona volont\u00e0 natalizia<\/p>\n<\/li>\n<\/ul>\n<h3 data-start=\"1587\" data-end=\"1630\">\ud83d\udce3 <strong data-start=\"1594\" data-end=\"1630\">Invita gli altri allo spirito festoso!<\/strong><\/h3>\n<p data-start=\"1631\" data-end=\"1830\">Questo strumento \u00e8 stato creato volontariamente per facilitare il regalo di regali festivi.<br data-start=\"1710\" data-end=\"1713\">Se ti piace, <strong data-start=\"1728\" data-end=\"1762\">aiuta a diffondere l&#8217;allegria natalizia<\/strong> \u2013 condividila con i tuoi amici e lascia che anche loro la usino. \u2764\ufe0f\ud83c\udf84 <\/p>\n<p data-start=\"1832\" data-end=\"1901\">\ud83d\udc49 <strong data-start=\"1835\" data-end=\"1857\">Condividi con i tuoi amici:<\/strong><\/p>\t\t\t\t\t\t\t\t<\/div>\n\t\t\t\t<\/div>\n\t\t\t\t<div class=\"elementor-element elementor-element-02adeaf elementor-widget elementor-widget-shortcode\" data-id=\"02adeaf\" data-element_type=\"widget\" data-e-type=\"widget\" data-widget_type=\"shortcode.default\">\n\t\t\t\t<div class=\"elementor-widget-container\">\n\t\t\t\t\t\t\t<div class=\"elementor-shortcode\"><div class=\"addtoany_shortcode\"><div class=\"a2a_kit a2a_kit_size_32 addtoany_list\" data-a2a-url=\"https:\/\/bozicnejaslice.si\/it\/babbo-natale-misterioso-estrazione-di-persone\/\" data-a2a-title=\"Babbo Natale Misterioso \u2013 Estrazione di Persone\"><a class=\"a2a_button_facebook\" href=\"https:\/\/www.addtoany.com\/add_to\/facebook?linkurl=https%3A%2F%2Fbozicnejaslice.si%2Fit%2Fbabbo-natale-misterioso-estrazione-di-persone%2F&amp;linkname=Babbo%20Natale%20Misterioso%20%E2%80%93%20Estrazione%20di%20Persone\" title=\"Facebook\" rel=\"nofollow noopener\" target=\"_blank\"><\/a><a class=\"a2a_button_pinterest\" href=\"https:\/\/www.addtoany.com\/add_to\/pinterest?linkurl=https%3A%2F%2Fbozicnejaslice.si%2Fit%2Fbabbo-natale-misterioso-estrazione-di-persone%2F&amp;linkname=Babbo%20Natale%20Misterioso%20%E2%80%93%20Estrazione%20di%20Persone\" title=\"Pinterest\" rel=\"nofollow noopener\" target=\"_blank\"><\/a><a class=\"a2a_button_linkedin\" href=\"https:\/\/www.addtoany.com\/add_to\/linkedin?linkurl=https%3A%2F%2Fbozicnejaslice.si%2Fit%2Fbabbo-natale-misterioso-estrazione-di-persone%2F&amp;linkname=Babbo%20Natale%20Misterioso%20%E2%80%93%20Estrazione%20di%20Persone\" title=\"LinkedIn\" rel=\"nofollow noopener\" target=\"_blank\"><\/a><a class=\"a2a_button_x\" href=\"https:\/\/www.addtoany.com\/add_to\/x?linkurl=https%3A%2F%2Fbozicnejaslice.si%2Fit%2Fbabbo-natale-misterioso-estrazione-di-persone%2F&amp;linkname=Babbo%20Natale%20Misterioso%20%E2%80%93%20Estrazione%20di%20Persone\" title=\"X\" rel=\"nofollow noopener\" target=\"_blank\"><\/a><a class=\"a2a_button_copy_link\" href=\"https:\/\/www.addtoany.com\/add_to\/copy_link?linkurl=https%3A%2F%2Fbozicnejaslice.si%2Fit%2Fbabbo-natale-misterioso-estrazione-di-persone%2F&amp;linkname=Babbo%20Natale%20Misterioso%20%E2%80%93%20Estrazione%20di%20Persone\" title=\"Copy Link\" rel=\"nofollow noopener\" target=\"_blank\"><\/a><a class=\"a2a_dd addtoany_share_save addtoany_share\" href=\"https:\/\/www.addtoany.com\/share\"><\/a><\/div><\/div><\/div>\n\t\t\t\t\t\t<\/div>\n\t\t\t\t<\/div>\n\t\t\t\t<div class=\"elementor-element elementor-element-b33a91a elementor-widget elementor-widget-shortcode\" data-id=\"b33a91a\" data-element_type=\"widget\" data-e-type=\"widget\" id=\"zrebanje\" data-widget_type=\"shortcode.default\">\n\t\t\t\t<div class=\"elementor-widget-container\">\n\t\t\t\t\t\t\t<div class=\"elementor-shortcode\"><div class=\"container mt-5\">\r\n  <div class=\"card\">\r\n    <div class=\"card-header\">\r\n      <h2>Ustvari \u017erebanje Skritega Bo\u017ei\u010dka<\/h2>\r\n    <\/div>\r\n    <div class=\"card-body\">\r\n      <form id=\"grss-wheel-creator-form\" method=\"post\">\r\n        <div class=\"mb-3\">\r\n          <label for=\"grss-creator-email\"\r\n            class=\"form-label\">Va\u0161 e-po\u0161tni naslov:<\/label>\r\n          <input type=\"email\" id=\"grss-creator-email\" name=\"grss-creator-email\" class=\"form-control\" required>\r\n        <\/div>\r\n        <div id=\"grss-participants-container\" class=\"mb-3\">\r\n          <label class=\"form-label\">Udele\u017eenci:<\/label>\r\n          <div class=\"grss-participant-entry input-group mb-2\">\r\n            <input type=\"text\" name=\"grss-names[]\" class=\"form-control\"\r\n              placeholder=\"Ime\" required>\r\n            <button type=\"button\" class=\"btn btn-outline-danger grss-remove-participant\">-<\/button>\r\n          <\/div>\r\n          <div class=\"grss-participant-entry input-group mb-2\">\r\n            <input type=\"text\" name=\"grss-names[]\" class=\"form-control\"\r\n              placeholder=\"Ime\" required>\r\n            <button type=\"button\" class=\"btn btn-outline-danger grss-remove-participant\">-<\/button>\r\n          <\/div>\r\n          <div class=\"grss-participant-entry input-group mb-2\">\r\n            <input type=\"text\" name=\"grss-names[]\" class=\"form-control\"\r\n              placeholder=\"Ime\" required>\r\n            <button type=\"button\" class=\"btn btn-outline-danger grss-remove-participant\">-<\/button>\r\n          <\/div>\r\n        <\/div>\r\n        <button type=\"button\" id=\"grss-add-participant\" class=\"btn btn-outline-primary mb-3\">+<\/button>\r\n\r\n        <div class=\"mb-3\">\r\n          <label for=\"grss-message\"\r\n            class=\"form-label\">Sporo\u010dilo (neobvezno):<\/label>\r\n          <textarea id=\"grss-message\" name=\"grss-message\" class=\"form-control\" rows=\"5\"><\/textarea>\r\n        <\/div>\r\n\r\n        <input type=\"hidden\" name=\"grss-remove-self\" value=\"1\">\r\n\r\n        <div class=\"mb-3\">\r\n          <div class=\"form-check\">\r\n            <input type=\"checkbox\" id=\"grss-allow-once\" name=\"grss-allow-once\" value=\"1\" class=\"form-check-input\"\r\n              checked>\r\n            <label class=\"form-check-label\"\r\n              for=\"grss-allow-once\">Dovoli, da je vsak izbran samo enkrat<\/label>\r\n          <\/div>\r\n          <div class=\"form-check\">\r\n            <input type=\"checkbox\" id=\"grss-hide-picked\" name=\"grss-hide-picked\" value=\"1\" class=\"form-check-input\">\r\n            <label class=\"form-check-label\"\r\n              for=\"grss-hide-picked\">Skrij \u017ee izbrana imena<\/label>\r\n          <\/div>\r\n        <\/div>\r\n\r\n        <div class=\"accordion\" id=\"grss-advanced-settings\">\r\n          <div class=\"accordion-item\">\r\n            <h2 class=\"accordion-header\" id=\"grss-advanced-heading\">\r\n              <button class=\"accordion-button collapsed\" type=\"button\" data-bs-toggle=\"collapse\"\r\n                data-bs-target=\"#grss-advanced-content\" aria-expanded=\"false\" aria-controls=\"grss-advanced-content\">\r\n                Napredne nastavitve              <\/button>\r\n            <\/h2>\r\n            <div id=\"grss-advanced-content\" class=\"accordion-collapse collapse\" aria-labelledby=\"grss-advanced-heading\"\r\n              data-bs-parent=\"#grss-advanced-settings\">\r\n              <div class=\"accordion-body\">\r\n                <div class=\"mb-3\">\r\n                  <label for=\"grss-theme\" class=\"form-label\">Oggetto:<\/label>\r\n                  <select id=\"grss-theme\" name=\"grss-theme\" class=\"form-select\">\r\n                    <option value=\"christmas\">Bo\u017ei\u010d                    <\/option>\r\n                  <\/select>\r\n                <\/div>\r\n                <div id=\"grss-exclusions-container\">\r\n                  <label class=\"form-label\">Pravila izklju\u010ditve:<\/label>\r\n                  <div class=\"grss-exclusion-entry row mb-2 g-3 align-items-center\">\r\n                    <div class=\"col\">\r\n                      <select name=\"grss-exclusions[0][]\" class=\"form-select\"><\/select>\r\n                    <\/div>\r\n                    <div class=\"col-auto\">ne more dobiti                    <\/div>\r\n                    <div class=\"col\">\r\n                      <select name=\"grss-exclusions[0][]\" class=\"form-select\"><\/select>\r\n                    <\/div>\r\n                    <div class=\"col-auto\">\r\n                      <button type=\"button\" class=\"btn btn-outline-danger grss-remove-exclusion\">-<\/button>\r\n                    <\/div>\r\n                  <\/div>\r\n                <\/div>\r\n                <button type=\"button\" id=\"grss-add-exclusion\" class=\"btn btn-outline-primary mt-2\">+<\/button>\r\n              <\/div>\r\n            <\/div>\r\n          <\/div>\r\n        <\/div>\r\n\r\n        <div class=\"d-grid mt-3\">\r\n          <input type=\"hidden\" name=\"grss_form_submitted\" value=\"1\">\r\n          <input type=\"submit\" name=\"grss_create_wheel\"\r\n            value=\"Ustvari \u017erebanje\" class=\"btn btn-success\">\r\n        <\/div>\r\n      <\/form>\r\n    <\/div>\r\n  <\/div>\r\n<\/div>\r\n<\/div>\n\t\t\t\t\t\t<\/div>\n\t\t\t\t<\/div>\n\t\t\t\t\t<\/div>\n\t\t\t\t<\/div>\n\t\t\t\t<\/div>\n\t\t","protected":false},"excerpt":{"rendered":"<p>Babbo Natale Segreto \u2013 Estrazione online di persone Stai organizzando un Babbo Natale segreto?Con il nostro strumento gratuito, puoi rapidamente e facilmente estrarre chi dar\u00e0 a chi \u2013 niente biglietti, niente registrazione e nessuna dichiarazione \ud83c\udf85 Aggiungi i nomi di tutti i partecipanti, crea un sorteggio e condividi il link con loro.Ogni partecipante far\u00e0 girare [&hellip;]<\/p>\n","protected":false},"author":1,"featured_media":8450,"parent":0,"menu_order":0,"comment_status":"closed","ping_status":"closed","template":"","meta":{"site-sidebar-layout":"default","site-content-layout":"","ast-site-content-layout":"default","site-content-style":"default","site-sidebar-style":"default","ast-global-header-display":"","ast-banner-title-visibility":"","ast-main-header-display":"","ast-hfb-above-header-display":"","ast-hfb-below-header-display":"","ast-hfb-mobile-header-display":"","site-post-title":"disabled","ast-breadcrumbs-content":"","ast-featured-img":"","footer-sml-layout":"","ast-disable-related-posts":"","theme-transparent-header-meta":"","adv-header-id-meta":"","stick-header-meta":"","header-above-stick-meta":"","header-main-stick-meta":"","header-below-stick-meta":"","astra-migrate-meta-layouts":"default","ast-page-background-enabled":"default","ast-page-background-meta":{"desktop":{"background-color":"","background-image":"","background-repeat":"repeat","background-position":"center center","background-size":"auto","background-attachment":"scroll","background-type":"","background-media":"","overlay-type":"","overlay-color":"","overlay-opacity":"","overlay-gradient":""},"tablet":{"background-color":"","background-image":"","background-repeat":"repeat","background-position":"center center","background-size":"auto","background-attachment":"scroll","background-type":"","background-media":"","overlay-type":"","overlay-color":"","overlay-opacity":"","overlay-gradient":""},"mobile":{"background-color":"","background-image":"","background-repeat":"repeat","background-position":"center center","background-size":"auto","background-attachment":"scroll","background-type":"","background-media":"","overlay-type":"","overlay-color":"","overlay-opacity":"","overlay-gradient":""}},"ast-content-background-meta":{"desktop":{"background-color":"var(--ast-global-color-5)","background-image":"","background-repeat":"repeat","background-position":"center center","background-size":"auto","background-attachment":"scroll","background-type":"","background-media":"","overlay-type":"","overlay-color":"","overlay-opacity":"","overlay-gradient":""},"tablet":{"background-color":"var(--ast-global-color-5)","background-image":"","background-repeat":"repeat","background-position":"center center","background-size":"auto","background-attachment":"scroll","background-type":"","background-media":"","overlay-type":"","overlay-color":"","overlay-opacity":"","overlay-gradient":""},"mobile":{"background-color":"var(--ast-global-color-5)","background-image":"","background-repeat":"repeat","background-position":"center center","background-size":"auto","background-attachment":"scroll","background-type":"","background-media":"","overlay-type":"","overlay-color":"","overlay-opacity":"","overlay-gradient":""}},"footnotes":""},"class_list":["post-8447","page","type-page","status-publish","has-post-thumbnail","hentry"],"aioseo_notices":[],"_links":{"self":[{"href":"https:\/\/bozicnejaslice.si\/it\/wp-json\/wp\/v2\/pages\/8447","targetHints":{"allow":["GET"]}}],"collection":[{"href":"https:\/\/bozicnejaslice.si\/it\/wp-json\/wp\/v2\/pages"}],"about":[{"href":"https:\/\/bozicnejaslice.si\/it\/wp-json\/wp\/v2\/types\/page"}],"author":[{"embeddable":true,"href":"https:\/\/bozicnejaslice.si\/it\/wp-json\/wp\/v2\/users\/1"}],"replies":[{"embeddable":true,"href":"https:\/\/bozicnejaslice.si\/it\/wp-json\/wp\/v2\/comments?post=8447"}],"version-history":[{"count":2,"href":"https:\/\/bozicnejaslice.si\/it\/wp-json\/wp\/v2\/pages\/8447\/revisions"}],"predecessor-version":[{"id":8453,"href":"https:\/\/bozicnejaslice.si\/it\/wp-json\/wp\/v2\/pages\/8447\/revisions\/8453"}],"wp:featuredmedia":[{"embeddable":true,"href":"https:\/\/bozicnejaslice.si\/it\/wp-json\/wp\/v2\/media\/8450"}],"wp:attachment":[{"href":"https:\/\/bozicnejaslice.si\/it\/wp-json\/wp\/v2\/media?parent=8447"}],"curies":[{"name":"wp","href":"https:\/\/api.w.org\/{rel}","templated":true}]}}