{"id":5362,"date":"2023-10-16T22:16:45","date_gmt":"2023-10-16T20:16:45","guid":{"rendered":"https:\/\/bozicnejaslice.si\/izdelek\/oblanci\/"},"modified":"2024-10-31T20:32:24","modified_gmt":"2024-10-31T19:32:24","slug":"oblanci","status":"publish","type":"product","link":"https:\/\/bozicnejaslice.si\/it\/prodotto\/oblanci\/","title":{"rendered":"Oblanci"},"content":{"rendered":"<p><strong>I trucioli sono un&#8217;aggiunta naturale alla culla<br \/>\n<\/strong><\/p>\n<p>Il contenuto del vostro presepe \u00e8 il cuore della vostra decorazione natalizia, ma sono i dettagli che conferiscono autenticit\u00e0 e unicit\u00e0. I presepi sono l&#8217;aggiunta naturale perfetta per far risaltare il vostro presepe ed evocare la magica atmosfera del Natale.<\/p>\n<p>Ogni truciolo \u00e8 un piccolo pezzo di legno rimasto dal processo di piallatura. Si tratta di tesori naturali che conferiscono un aspetto naturale e autentico al vostro presepe. Ogni pezzo di legno \u00e8 unico, porta con s\u00e9 la propria storia e aggiunge carattere alla vostra scena natalizia.<\/p>\n<p>I trucioli possono essere utilizzati per creare un vero e proprio ambiente boschivo per il vostro presepe, oppure possono essere disposti intorno alla scena del presepe per creare un aspetto naturale. Aggiungeteli sotto gli abeti, intorno alle recinzioni o in qualsiasi altro luogo in cui vogliate dare un tocco di natura.<\/p>\n<p>Date libero sfogo alla vostra immaginazione e create una magica scena natalizia con l&#8217;aiuto delle cialde. Queste decorazioni naturali conferiscono calore, unicit\u00e0 e autenticit\u00e0 al vostro presepe e completano l&#8217;intero spazio natalizio.<\/p>\n<p>I presepi sono la scelta giusta per chi apprezza la natura, la tradizione e vuole arricchire il proprio presepe con dettagli unici che emanano il calore e l&#8217;autenticit\u00e0 del periodo natalizio. Aggiungete un tocco di natura e autenticit\u00e0 al vostro presepe con questo bellissimo accessorio naturale.<\/p>\n","protected":false},"excerpt":{"rendered":"<p><strong>I ciottoli sono un&#8217;aggiunta naturale al presepe con un tocco unico di natura.<\/strong> <strong>Date vita al vostro presepe e aggiungete un tocco di autenticit\u00e0 e calore alla vostra casa.<br \/>\n<\/strong><\/p>\n","protected":false},"featured_media":5706,"template":"","meta":{"site-sidebar-layout":"default","site-content-layout":"","ast-site-content-layout":"default","site-content-style":"default","site-sidebar-style":"default","ast-global-header-display":"","ast-banner-title-visibility":"","ast-main-header-display":"","ast-hfb-above-header-display":"","ast-hfb-below-header-display":"","ast-hfb-mobile-header-display":"","site-post-title":"","ast-breadcrumbs-content":"","ast-featured-img":"","footer-sml-layout":"","ast-disable-related-posts":"","theme-transparent-header-meta":"default","adv-header-id-meta":"","stick-header-meta":"","header-above-stick-meta":"","header-main-stick-meta":"","header-below-stick-meta":"","astra-migrate-meta-layouts":"default","ast-page-background-enabled":"default","ast-page-background-meta":{"desktop":{"background-color":"","background-image":"","background-repeat":"repeat","background-position":"center center","background-size":"auto","background-attachment":"scroll","background-type":"","background-media":"","overlay-type":"","overlay-color":"","overlay-opacity":"","overlay-gradient":""},"tablet":{"background-color":"","background-image":"","background-repeat":"repeat","background-position":"center center","background-size":"auto","background-attachment":"scroll","background-type":"","background-media":"","overlay-type":"","overlay-color":"","overlay-opacity":"","overlay-gradient":""},"mobile":{"background-color":"","background-image":"","background-repeat":"repeat","background-position":"center center","background-size":"auto","background-attachment":"scroll","background-type":"","background-media":"","overlay-type":"","overlay-color":"","overlay-opacity":"","overlay-gradient":""}},"ast-content-background-meta":{"desktop":{"background-color":"var(--ast-global-color-5)","background-image":"","background-repeat":"repeat","background-position":"center center","background-size":"auto","background-attachment":"scroll","background-type":"","background-media":"","overlay-type":"","overlay-color":"","overlay-opacity":"","overlay-gradient":""},"tablet":{"background-color":"var(--ast-global-color-5)","background-image":"","background-repeat":"repeat","background-position":"center center","background-size":"auto","background-attachment":"scroll","background-type":"","background-media":"","overlay-type":"","overlay-color":"","overlay-opacity":"","overlay-gradient":""},"mobile":{"background-color":"var(--ast-global-color-5)","background-image":"","background-repeat":"repeat","background-position":"center center","background-size":"auto","background-attachment":"scroll","background-type":"","background-media":"","overlay-type":"","overlay-color":"","overlay-opacity":"","overlay-gradient":""}}},"product_brand":[],"product_cat":[94],"product_tag":[],"class_list":{"0":"post-5362","1":"product","2":"type-product","3":"status-publish","4":"has-post-thumbnail","6":"product_cat-accessori-per-culla","7":"desktop-align-center","8":"tablet-align-left","9":"mobile-align-left","11":"first","12":"outofstock","13":"taxable","14":"shipping-taxable","15":"purchasable","16":"product-type-simple"},"aioseo_notices":[],"_links":{"self":[{"href":"https:\/\/bozicnejaslice.si\/it\/wp-json\/wp\/v2\/product\/5362","targetHints":{"allow":["GET"]}}],"collection":[{"href":"https:\/\/bozicnejaslice.si\/it\/wp-json\/wp\/v2\/product"}],"about":[{"href":"https:\/\/bozicnejaslice.si\/it\/wp-json\/wp\/v2\/types\/product"}],"version-history":[{"count":0,"href":"https:\/\/bozicnejaslice.si\/it\/wp-json\/wp\/v2\/product\/5362\/revisions"}],"wp:featuredmedia":[{"embeddable":true,"href":"https:\/\/bozicnejaslice.si\/it\/wp-json\/wp\/v2\/media\/5706"}],"wp:attachment":[{"href":"https:\/\/bozicnejaslice.si\/it\/wp-json\/wp\/v2\/media?parent=5362"}],"wp:term":[{"taxonomy":"product_brand","embeddable":true,"href":"https:\/\/bozicnejaslice.si\/it\/wp-json\/wp\/v2\/product_brand?post=5362"},{"taxonomy":"product_cat","embeddable":true,"href":"https:\/\/bozicnejaslice.si\/it\/wp-json\/wp\/v2\/product_cat?post=5362"},{"taxonomy":"product_tag","embeddable":true,"href":"https:\/\/bozicnejaslice.si\/it\/wp-json\/wp\/v2\/product_tag?post=5362"}],"curies":[{"name":"wp","href":"https:\/\/api.w.org\/{rel}","templated":true}]}}