{"id":5364,"date":"2023-10-16T22:25:38","date_gmt":"2023-10-16T20:25:38","guid":{"rendered":"https:\/\/bozicnejaslice.si\/izdelek\/la-maggior-parte\/"},"modified":"2024-10-21T14:33:52","modified_gmt":"2024-10-21T12:33:52","slug":"ponte","status":"publish","type":"product","link":"https:\/\/bozicnejaslice.si\/it\/prodotto\/ponte\/","title":{"rendered":"La maggior parte"},"content":{"rendered":"<p><strong>Ponte della Nativit\u00e0 &#8211; una decorazione in legno unica per la vostra scena natalizia<\/strong><\/p>\n<p>Il ponte del presepe \u00e8 un&#8217;aggiunta meravigliosa che aggiunge profondit\u00e0, un tocco storico e unicit\u00e0 al vostro presepe. Questo ponte in legno dal design eccezionale \u00e8 la decorazione perfetta per rallegrare la vostra scena natalizia.<\/p>\n<p>Ogni ponte di legno \u00e8 fatto a mano e meticolosamente realizzato nel rispetto della tradizione e del calore del Natale. Posizionatelo sopra un ruscello o un fiume nel vostro presepe per far rivivere la magia e il fascino del Natale. Il ponte \u00e8 realizzato in legno naturale, che conserva le trame e i motivi naturali, conferendogli autenticit\u00e0.<\/p>\n<p>Il Ponte dei Presepi \u00e8 anche un simbolo del legame tra passato e presente, tra tradizione e modernit\u00e0. Questo prodotto permette di creare un&#8217;atmosfera natalizia unica che incanter\u00e0 tutti i visitatori della vostra casa.<\/p>\n<p>Aggiungete un ponte della nativit\u00e0 alle vostre decorazioni natalizie e create una scena magica che far\u00e0 rivivere lo spirito del Natale e porter\u00e0 l&#8217;autenticit\u00e0 nella vostra casa. Questo esclusivo ornamento in legno render\u00e0 il vostro presepe ancora pi\u00f9 speciale.<\/p>\n","protected":false},"excerpt":{"rendered":"<p><strong>Il ponte della Nativit\u00e0 &#8211; un ornamento in legno per una magica scena natalizia.<\/strong>  Accentuate il vostro presepe con questo ponte di legno unico.<\/p>\n","protected":false},"featured_media":5703,"template":"","meta":{"site-sidebar-layout":"default","site-content-layout":"","ast-site-content-layout":"default","site-content-style":"default","site-sidebar-style":"default","ast-global-header-display":"","ast-banner-title-visibility":"","ast-main-header-display":"","ast-hfb-above-header-display":"","ast-hfb-below-header-display":"","ast-hfb-mobile-header-display":"","site-post-title":"","ast-breadcrumbs-content":"","ast-featured-img":"","footer-sml-layout":"","ast-disable-related-posts":"","theme-transparent-header-meta":"default","adv-header-id-meta":"","stick-header-meta":"","header-above-stick-meta":"","header-main-stick-meta":"","header-below-stick-meta":"","astra-migrate-meta-layouts":"default","ast-page-background-enabled":"default","ast-page-background-meta":{"desktop":{"background-color":"","background-image":"","background-repeat":"repeat","background-position":"center center","background-size":"auto","background-attachment":"scroll","background-type":"","background-media":"","overlay-type":"","overlay-color":"","overlay-opacity":"","overlay-gradient":""},"tablet":{"background-color":"","background-image":"","background-repeat":"repeat","background-position":"center center","background-size":"auto","background-attachment":"scroll","background-type":"","background-media":"","overlay-type":"","overlay-color":"","overlay-opacity":"","overlay-gradient":""},"mobile":{"background-color":"","background-image":"","background-repeat":"repeat","background-position":"center center","background-size":"auto","background-attachment":"scroll","background-type":"","background-media":"","overlay-type":"","overlay-color":"","overlay-opacity":"","overlay-gradient":""}},"ast-content-background-meta":{"desktop":{"background-color":"var(--ast-global-color-5)","background-image":"","background-repeat":"repeat","background-position":"center center","background-size":"auto","background-attachment":"scroll","background-type":"","background-media":"","overlay-type":"","overlay-color":"","overlay-opacity":"","overlay-gradient":""},"tablet":{"background-color":"var(--ast-global-color-5)","background-image":"","background-repeat":"repeat","background-position":"center center","background-size":"auto","background-attachment":"scroll","background-type":"","background-media":"","overlay-type":"","overlay-color":"","overlay-opacity":"","overlay-gradient":""},"mobile":{"background-color":"var(--ast-global-color-5)","background-image":"","background-repeat":"repeat","background-position":"center center","background-size":"auto","background-attachment":"scroll","background-type":"","background-media":"","overlay-type":"","overlay-color":"","overlay-opacity":"","overlay-gradient":""}}},"product_brand":[],"product_cat":[96],"product_tag":[],"class_list":{"0":"post-5364","1":"product","2":"type-product","3":"status-publish","4":"has-post-thumbnail","6":"product_cat-presepe-in-legno","7":"desktop-align-center","8":"tablet-align-left","9":"mobile-align-left","11":"first","12":"outofstock","13":"taxable","14":"shipping-taxable","15":"purchasable","16":"product-type-simple"},"aioseo_notices":[],"_links":{"self":[{"href":"https:\/\/bozicnejaslice.si\/it\/wp-json\/wp\/v2\/product\/5364","targetHints":{"allow":["GET"]}}],"collection":[{"href":"https:\/\/bozicnejaslice.si\/it\/wp-json\/wp\/v2\/product"}],"about":[{"href":"https:\/\/bozicnejaslice.si\/it\/wp-json\/wp\/v2\/types\/product"}],"version-history":[{"count":0,"href":"https:\/\/bozicnejaslice.si\/it\/wp-json\/wp\/v2\/product\/5364\/revisions"}],"wp:featuredmedia":[{"embeddable":true,"href":"https:\/\/bozicnejaslice.si\/it\/wp-json\/wp\/v2\/media\/5703"}],"wp:attachment":[{"href":"https:\/\/bozicnejaslice.si\/it\/wp-json\/wp\/v2\/media?parent=5364"}],"wp:term":[{"taxonomy":"product_brand","embeddable":true,"href":"https:\/\/bozicnejaslice.si\/it\/wp-json\/wp\/v2\/product_brand?post=5364"},{"taxonomy":"product_cat","embeddable":true,"href":"https:\/\/bozicnejaslice.si\/it\/wp-json\/wp\/v2\/product_cat?post=5364"},{"taxonomy":"product_tag","embeddable":true,"href":"https:\/\/bozicnejaslice.si\/it\/wp-json\/wp\/v2\/product_tag?post=5364"}],"curies":[{"name":"wp","href":"https:\/\/api.w.org\/{rel}","templated":true}]}}