{"id":5367,"date":"2023-09-25T13:45:21","date_gmt":"2023-09-25T11:45:21","guid":{"rendered":"https:\/\/bozicnejaslice.si\/izdelek\/culla-in-legno-completa\/"},"modified":"2024-10-31T20:32:15","modified_gmt":"2024-10-31T19:32:15","slug":"grotte-di-legno-complete","status":"publish","type":"product","link":"https:\/\/bozicnejaslice.si\/it\/prodotto\/grotte-di-legno-complete\/","title":{"rendered":"Culla in legno completa"},"content":{"rendered":"<p>Il Natale \u00e8 il momento in cui il mondo si trasforma in un paese delle fate. E quale modo migliore per completare questa atmosfera da favola se non con un presepe in legno? Potete usare questa bellissima decorazione per far rivivere la storia del Natale nella vostra casa in modo autentico e unico.<\/p>\n<p><em>Decorazione tradizionale unica<\/em><\/p>\n<p>Il presepe di legno \u00e8 un simbolo dell&#8217;autenticit\u00e0 e della profondit\u00e0 del messaggio natalizio. Il nostro presepe in legno \u00e8 particolarmente speciale perch\u00e9 contiene tutto il necessario per creare un vero miracolo natalizio. Ogni statuetta \u00e8 appositamente progettata e dipinta a mano per preservare il suo aspetto tradizionale e la sua espressivit\u00e0.<\/p>\n<p><em>Ridare vita alla storia del Natale<\/em><\/p>\n<p>Con il presepe in legno, potrete rivivere la storia della nascita di Ges\u00f9. Maria, Giuseppe, il neonato Ges\u00f9, i dolci agnellini, il piccolo abete e la coda di stelle: tutte statuine che vi aiuteranno a creare un&#8217;autentica e magica scena natalizia.<\/p>\n<p><em>Materiali naturali per l&#8217;autenticit\u00e0<\/em><\/p>\n<p>L&#8217;uso di materiali naturali \u00e8 una caratteristica fondamentale di questa culla in legno. La carta da parati in legno appositamente selezionata mantiene la sua texture naturale, compresi i nodi, le curve e i dettagli unici. Questo aspetto naturale enfatizza l&#8217;autenticit\u00e0 e la profondit\u00e0 della vostra scena natalizia.<\/p>\n<p><em>Offrire un tocco personale<\/em><\/p>\n<p>Aggiungete un tocco personale alla vostra scena natalizia con il Presepe in legno. Le statuette sono separate e possono essere disposte a piacere per creare una composizione unica.<\/p>\n","protected":false},"excerpt":{"rendered":"<p><strong>Presepe in legno &#8211; Portate la storia del Natale in casa vostra con questa decorazione unica e incantate parenti e amici.<br \/>\n<\/strong><\/p>\n","protected":false},"featured_media":5377,"template":"","meta":{"site-sidebar-layout":"default","site-content-layout":"","ast-site-content-layout":"default","site-content-style":"default","site-sidebar-style":"default","ast-global-header-display":"","ast-banner-title-visibility":"","ast-main-header-display":"","ast-hfb-above-header-display":"","ast-hfb-below-header-display":"","ast-hfb-mobile-header-display":"","site-post-title":"","ast-breadcrumbs-content":"","ast-featured-img":"","footer-sml-layout":"","ast-disable-related-posts":"","theme-transparent-header-meta":"default","adv-header-id-meta":"","stick-header-meta":"","header-above-stick-meta":"","header-main-stick-meta":"","header-below-stick-meta":"","astra-migrate-meta-layouts":"default","ast-page-background-enabled":"default","ast-page-background-meta":{"desktop":{"background-color":"","background-image":"","background-repeat":"repeat","background-position":"center center","background-size":"auto","background-attachment":"scroll","background-type":"","background-media":"","overlay-type":"","overlay-color":"","overlay-opacity":"","overlay-gradient":""},"tablet":{"background-color":"","background-image":"","background-repeat":"repeat","background-position":"center center","background-size":"auto","background-attachment":"scroll","background-type":"","background-media":"","overlay-type":"","overlay-color":"","overlay-opacity":"","overlay-gradient":""},"mobile":{"background-color":"","background-image":"","background-repeat":"repeat","background-position":"center center","background-size":"auto","background-attachment":"scroll","background-type":"","background-media":"","overlay-type":"","overlay-color":"","overlay-opacity":"","overlay-gradient":""}},"ast-content-background-meta":{"desktop":{"background-color":"var(--ast-global-color-5)","background-image":"","background-repeat":"repeat","background-position":"center center","background-size":"auto","background-attachment":"scroll","background-type":"","background-media":"","overlay-type":"","overlay-color":"","overlay-opacity":"","overlay-gradient":""},"tablet":{"background-color":"var(--ast-global-color-5)","background-image":"","background-repeat":"repeat","background-position":"center center","background-size":"auto","background-attachment":"scroll","background-type":"","background-media":"","overlay-type":"","overlay-color":"","overlay-opacity":"","overlay-gradient":""},"mobile":{"background-color":"var(--ast-global-color-5)","background-image":"","background-repeat":"repeat","background-position":"center center","background-size":"auto","background-attachment":"scroll","background-type":"","background-media":"","overlay-type":"","overlay-color":"","overlay-opacity":"","overlay-gradient":""}}},"product_brand":[],"product_cat":[67],"product_tag":[],"class_list":{"0":"post-5367","1":"product","2":"type-product","3":"status-publish","4":"has-post-thumbnail","6":"product_cat-lesene-jaslice","7":"desktop-align-center","8":"tablet-align-left","9":"mobile-align-left","11":"first","12":"outofstock","13":"featured","14":"taxable","15":"shipping-taxable","16":"purchasable","17":"product-type-simple"},"aioseo_notices":[],"_links":{"self":[{"href":"https:\/\/bozicnejaslice.si\/it\/wp-json\/wp\/v2\/product\/5367","targetHints":{"allow":["GET"]}}],"collection":[{"href":"https:\/\/bozicnejaslice.si\/it\/wp-json\/wp\/v2\/product"}],"about":[{"href":"https:\/\/bozicnejaslice.si\/it\/wp-json\/wp\/v2\/types\/product"}],"version-history":[{"count":0,"href":"https:\/\/bozicnejaslice.si\/it\/wp-json\/wp\/v2\/product\/5367\/revisions"}],"wp:featuredmedia":[{"embeddable":true,"href":"https:\/\/bozicnejaslice.si\/it\/wp-json\/wp\/v2\/media\/5377"}],"wp:attachment":[{"href":"https:\/\/bozicnejaslice.si\/it\/wp-json\/wp\/v2\/media?parent=5367"}],"wp:term":[{"taxonomy":"product_brand","embeddable":true,"href":"https:\/\/bozicnejaslice.si\/it\/wp-json\/wp\/v2\/product_brand?post=5367"},{"taxonomy":"product_cat","embeddable":true,"href":"https:\/\/bozicnejaslice.si\/it\/wp-json\/wp\/v2\/product_cat?post=5367"},{"taxonomy":"product_tag","embeddable":true,"href":"https:\/\/bozicnejaslice.si\/it\/wp-json\/wp\/v2\/product_tag?post=5367"}],"curies":[{"name":"wp","href":"https:\/\/api.w.org\/{rel}","templated":true}]}}