{"id":5453,"date":"2023-09-13T12:22:10","date_gmt":"2023-09-13T10:22:10","guid":{"rendered":"https:\/\/bozicnejaslice.si\/izdelek\/la-mangiatoia-per-il-presepe\/"},"modified":"2024-10-31T20:32:07","modified_gmt":"2024-10-31T19:32:07","slug":"fienile-per-grotte","status":"publish","type":"product","link":"https:\/\/bozicnejaslice.si\/it\/prodotto\/fienile-per-grotte\/","title":{"rendered":"La mangiatoia per il presepe"},"content":{"rendered":"<p>Qui potete trovare un bellissimo presepe che incanter\u00e0 ogni amante delle decorazioni natalizie. Si tratta di una stalla in legno fatta a mano che completer\u00e0 perfettamente il vostro presepe natalizio.<\/p>\n<p>La nostra stalla per culla \u00e8 realizzata a mano con materiali naturali, che ne garantiscono la durata e la bellezza naturale. Questo prodotto unico riflette l&#8217;artigianalit\u00e0 e l&#8217;autenticit\u00e0 e aggiunger\u00e0 un fascino speciale al vostro presepe.<\/p>\n<p>Con la sua recinzione rustica e l&#8217;autentico aspetto di fontana, questa stalla creer\u00e0 una magica atmosfera natalizia che incanter\u00e0 i vostri ospiti. Allestitelo in modo semplice e veloce e create una scena indimenticabile che far\u00e0 rivivere la tradizione della meraviglia natalizia.<\/p>\n<p>Rendete speciale questo Natale con questo presepe unico. Incantate i vostri cari e create ricordi indimenticabili con questa bellissima opera d&#8217;arte fatta a mano.<\/p>\n<p>Per aggiungere fascino, potete anche aggiungere delle luci per illuminare il vostro presepe e l&#8217;area circostante, creando un magico spirito natalizio e un&#8217;atmosfera accogliente. Rendete speciale questo Natale con questa &#8220;Stalla del Presepe&#8221; unica nel suo genere. Incantate i vostri cari e create ricordi indimenticabili con una stalla da presepe fatta a mano.<\/p>\n","protected":false},"excerpt":{"rendered":"<p>Questo presepe fatto a mano vi regaler\u00e0 un&#8217;atmosfera natalizia indimenticabile. Questa stalla in legno fatta a mano, circondata da materiali naturali e dettagli rustici, sar\u00e0 l&#8217;aggiunta perfetta al vostro presepe natalizio. Facile da montare, crea una magica atmosfera natalizia che incanta tutti.<\/p>\n","protected":false},"featured_media":6368,"template":"","meta":{"site-sidebar-layout":"default","site-content-layout":"","ast-site-content-layout":"default","site-content-style":"default","site-sidebar-style":"default","ast-global-header-display":"","ast-banner-title-visibility":"","ast-main-header-display":"","ast-hfb-above-header-display":"","ast-hfb-below-header-display":"","ast-hfb-mobile-header-display":"","site-post-title":"","ast-breadcrumbs-content":"","ast-featured-img":"","footer-sml-layout":"","ast-disable-related-posts":"","theme-transparent-header-meta":"default","adv-header-id-meta":"","stick-header-meta":"","header-above-stick-meta":"","header-main-stick-meta":"","header-below-stick-meta":"","astra-migrate-meta-layouts":"default","ast-page-background-enabled":"default","ast-page-background-meta":{"desktop":{"background-color":"","background-image":"","background-repeat":"repeat","background-position":"center center","background-size":"auto","background-attachment":"scroll","background-type":"","background-media":"","overlay-type":"","overlay-color":"","overlay-opacity":"","overlay-gradient":""},"tablet":{"background-color":"","background-image":"","background-repeat":"repeat","background-position":"center center","background-size":"auto","background-attachment":"scroll","background-type":"","background-media":"","overlay-type":"","overlay-color":"","overlay-opacity":"","overlay-gradient":""},"mobile":{"background-color":"","background-image":"","background-repeat":"repeat","background-position":"center center","background-size":"auto","background-attachment":"scroll","background-type":"","background-media":"","overlay-type":"","overlay-color":"","overlay-opacity":"","overlay-gradient":""}},"ast-content-background-meta":{"desktop":{"background-color":"var(--ast-global-color-5)","background-image":"","background-repeat":"repeat","background-position":"center center","background-size":"auto","background-attachment":"scroll","background-type":"","background-media":"","overlay-type":"","overlay-color":"","overlay-opacity":"","overlay-gradient":""},"tablet":{"background-color":"var(--ast-global-color-5)","background-image":"","background-repeat":"repeat","background-position":"center center","background-size":"auto","background-attachment":"scroll","background-type":"","background-media":"","overlay-type":"","overlay-color":"","overlay-opacity":"","overlay-gradient":""},"mobile":{"background-color":"var(--ast-global-color-5)","background-image":"","background-repeat":"repeat","background-position":"center center","background-size":"auto","background-attachment":"scroll","background-type":"","background-media":"","overlay-type":"","overlay-color":"","overlay-opacity":"","overlay-gradient":""}}},"product_brand":[],"product_cat":[94,111],"product_tag":[],"class_list":{"0":"post-5453","1":"product","2":"type-product","3":"status-publish","4":"has-post-thumbnail","6":"product_cat-accessori-per-culla","7":"product_cat-la-mangiatoia-per-il-presepe","8":"desktop-align-center","9":"tablet-align-left","10":"mobile-align-left","12":"first","13":"outofstock","14":"taxable","15":"shipping-taxable","16":"purchasable","17":"product-type-simple"},"aioseo_notices":[],"_links":{"self":[{"href":"https:\/\/bozicnejaslice.si\/it\/wp-json\/wp\/v2\/product\/5453","targetHints":{"allow":["GET"]}}],"collection":[{"href":"https:\/\/bozicnejaslice.si\/it\/wp-json\/wp\/v2\/product"}],"about":[{"href":"https:\/\/bozicnejaslice.si\/it\/wp-json\/wp\/v2\/types\/product"}],"version-history":[{"count":0,"href":"https:\/\/bozicnejaslice.si\/it\/wp-json\/wp\/v2\/product\/5453\/revisions"}],"wp:featuredmedia":[{"embeddable":true,"href":"https:\/\/bozicnejaslice.si\/it\/wp-json\/wp\/v2\/media\/6368"}],"wp:attachment":[{"href":"https:\/\/bozicnejaslice.si\/it\/wp-json\/wp\/v2\/media?parent=5453"}],"wp:term":[{"taxonomy":"product_brand","embeddable":true,"href":"https:\/\/bozicnejaslice.si\/it\/wp-json\/wp\/v2\/product_brand?post=5453"},{"taxonomy":"product_cat","embeddable":true,"href":"https:\/\/bozicnejaslice.si\/it\/wp-json\/wp\/v2\/product_cat?post=5453"},{"taxonomy":"product_tag","embeddable":true,"href":"https:\/\/bozicnejaslice.si\/it\/wp-json\/wp\/v2\/product_tag?post=5453"}],"curies":[{"name":"wp","href":"https:\/\/api.w.org\/{rel}","templated":true}]}}