{"id":5928,"date":"2023-11-14T11:32:48","date_gmt":"2023-11-14T10:32:48","guid":{"rendered":"https:\/\/bozicnejaslice.si\/izdelek\/scuderia-classica\/"},"modified":"2023-12-21T00:00:03","modified_gmt":"2023-12-20T23:00:03","slug":"classico-cucina","status":"publish","type":"product","link":"https:\/\/bozicnejaslice.si\/it\/prodotto\/classico-cucina\/","title":{"rendered":"Scuderia classica"},"content":{"rendered":"<p>Vi presentiamo la Scuderia Classica, molto pi\u00f9 di una semplice decorazione festiva: \u00e8 una vera e propria opera d&#8217;arte, che combina secoli di artigianato con un&#8217;estetica impareggiabile. Questa stalla \u00e8 realizzata a mano con pezzi di legno selezionati, scelti con cura per la loro durata e bellezza naturale. Ogni linea, ogni taglio e ogni dettaglio intagliato riflette l&#8217;abilit\u00e0 e l&#8217;attenzione per i particolari che sono stati tramandati di generazione in generazione.<\/p>\n<p>Con ogni stalla, portiamo un pezzo di storia nella vostra casa. La sua struttura e il suo design riflettono lo stile tradizionale che caratterizzava i tempi dei nostri antenati, pur apportando una freschezza che si adatta perfettamente alle case moderne. Ci\u00f2 che rende questa scuderia cos\u00ec speciale sono i suoi dettagli unici, dalle figure intagliate a mano alla finitura anticata che conferisce a ogni pezzo un tocco speciale.<\/p>\n<p>La classica stalla non \u00e8 solo una decorazione, ma un simbolo di familiarit\u00e0, tradizione e calore. \u00c8 ideale per chi apprezza l&#8217;arte e vuole creare un&#8217;autentica atmosfera di festa nella propria casa. Questa stalla \u00e8 la scelta perfetta per essere collocata accanto alla culla, dove la sua presenza porter\u00e0 un senso di pace e tranquillit\u00e0.<\/p>\n<p>Se siete alla ricerca di un centrotavola per il vostro presepe o di un regalo speciale per un amante delle decorazioni tradizionali, la stalla classica \u00e8 la scelta perfetta. \u00c8 un investimento sostenibile perch\u00e9 \u00e8 progettato per essere utilizzato per molti anni e tramandato di generazione in generazione. Ogni stalla \u00e8 una storia a s\u00e9 stante, che porta lo spirito delle feste in casa vostra e arricchisce i vostri momenti di festa.<\/p>\n","protected":false},"excerpt":{"rendered":"<p>Vi presentiamo la Scuderia Classica, molto pi\u00f9 di una semplice decorazione festiva: \u00e8 una vera e propria opera d&#8217;arte, che combina secoli di artigianato con un&#8217;estetica impareggiabile. Questa stalla \u00e8 realizzata a mano con pezzi di legno selezionati, scelti con cura per la loro durata e bellezza naturale. Ogni linea, ogni taglio e ogni dettaglio [&hellip;]<\/p>\n","protected":false},"featured_media":6374,"template":"","meta":{"site-sidebar-layout":"default","site-content-layout":"","ast-site-content-layout":"default","site-content-style":"default","site-sidebar-style":"default","ast-global-header-display":"","ast-banner-title-visibility":"","ast-main-header-display":"","ast-hfb-above-header-display":"","ast-hfb-below-header-display":"","ast-hfb-mobile-header-display":"","site-post-title":"","ast-breadcrumbs-content":"","ast-featured-img":"","footer-sml-layout":"","ast-disable-related-posts":"","theme-transparent-header-meta":"default","adv-header-id-meta":"","stick-header-meta":"","header-above-stick-meta":"","header-main-stick-meta":"","header-below-stick-meta":"","astra-migrate-meta-layouts":"set","ast-page-background-enabled":"default","ast-page-background-meta":{"desktop":{"background-color":"","background-image":"","background-repeat":"repeat","background-position":"center center","background-size":"auto","background-attachment":"scroll","background-type":"","background-media":"","overlay-type":"","overlay-color":"","overlay-opacity":"","overlay-gradient":""},"tablet":{"background-color":"","background-image":"","background-repeat":"repeat","background-position":"center center","background-size":"auto","background-attachment":"scroll","background-type":"","background-media":"","overlay-type":"","overlay-color":"","overlay-opacity":"","overlay-gradient":""},"mobile":{"background-color":"","background-image":"","background-repeat":"repeat","background-position":"center center","background-size":"auto","background-attachment":"scroll","background-type":"","background-media":"","overlay-type":"","overlay-color":"","overlay-opacity":"","overlay-gradient":""}},"ast-content-background-meta":{"desktop":{"background-color":"var(--ast-global-color-5)","background-image":"","background-repeat":"repeat","background-position":"center center","background-size":"auto","background-attachment":"scroll","background-type":"","background-media":"","overlay-type":"","overlay-color":"","overlay-opacity":"","overlay-gradient":""},"tablet":{"background-color":"var(--ast-global-color-5)","background-image":"","background-repeat":"repeat","background-position":"center center","background-size":"auto","background-attachment":"scroll","background-type":"","background-media":"","overlay-type":"","overlay-color":"","overlay-opacity":"","overlay-gradient":""},"mobile":{"background-color":"var(--ast-global-color-5)","background-image":"","background-repeat":"repeat","background-position":"center center","background-size":"auto","background-attachment":"scroll","background-type":"","background-media":"","overlay-type":"","overlay-color":"","overlay-opacity":"","overlay-gradient":""}}},"product_brand":[],"product_cat":[110],"product_tag":[],"class_list":{"0":"post-5928","1":"product","2":"type-product","3":"status-publish","4":"has-post-thumbnail","6":"product_cat-hlevcek-za-jaslice","7":"desktop-align-center","8":"tablet-align-left","9":"mobile-align-left","11":"first","12":"outofstock","13":"taxable","14":"shipping-taxable","15":"purchasable","16":"product-type-simple"},"aioseo_notices":[],"_links":{"self":[{"href":"https:\/\/bozicnejaslice.si\/it\/wp-json\/wp\/v2\/product\/5928","targetHints":{"allow":["GET"]}}],"collection":[{"href":"https:\/\/bozicnejaslice.si\/it\/wp-json\/wp\/v2\/product"}],"about":[{"href":"https:\/\/bozicnejaslice.si\/it\/wp-json\/wp\/v2\/types\/product"}],"version-history":[{"count":0,"href":"https:\/\/bozicnejaslice.si\/it\/wp-json\/wp\/v2\/product\/5928\/revisions"}],"wp:featuredmedia":[{"embeddable":true,"href":"https:\/\/bozicnejaslice.si\/it\/wp-json\/wp\/v2\/media\/6374"}],"wp:attachment":[{"href":"https:\/\/bozicnejaslice.si\/it\/wp-json\/wp\/v2\/media?parent=5928"}],"wp:term":[{"taxonomy":"product_brand","embeddable":true,"href":"https:\/\/bozicnejaslice.si\/it\/wp-json\/wp\/v2\/product_brand?post=5928"},{"taxonomy":"product_cat","embeddable":true,"href":"https:\/\/bozicnejaslice.si\/it\/wp-json\/wp\/v2\/product_cat?post=5928"},{"taxonomy":"product_tag","embeddable":true,"href":"https:\/\/bozicnejaslice.si\/it\/wp-json\/wp\/v2\/product_tag?post=5928"}],"curies":[{"name":"wp","href":"https:\/\/api.w.org\/{rel}","templated":true}]}}