{"id":5944,"date":"2023-11-14T23:49:06","date_gmt":"2023-11-14T22:49:06","guid":{"rendered":"https:\/\/bozicnejaslice.si\/izdelek\/tazza-da-caffe-natalizia\/"},"modified":"2024-10-21T14:33:53","modified_gmt":"2024-10-21T12:33:53","slug":"tazza-di-caffe-divina","status":"publish","type":"product","link":"https:\/\/bozicnejaslice.si\/it\/prodotto\/tazza-di-caffe-divina\/","title":{"rendered":"Tazza da caff\u00e8 natalizia"},"content":{"rendered":"<h2>Tazza da caff\u00e8 natalizia &#8211; Comfort festivo ad ogni sorso<\/h2>\n<p>A Natale, quando la neve imbianca il terreno e il profumo di cannella e biscotti si diffonde nelle case, non c&#8217;\u00e8 niente di meglio che iniziare la mattinata con questa magica tazza da caff\u00e8 natalizia.<\/p>\n<p>Questa tazza \u00e8 la combinazione perfetta di eleganza festiva e utilit\u00e0 quotidiana. Realizzato in ceramica di prima qualit\u00e0, mantiene il caff\u00e8 o il t\u00e8 alla giusta temperatura, in modo da poterne gustare i sorsi caldi anche quando fuori nevica.<\/p>\n<p>Ma questa non \u00e8 una tazza qualunque: \u00e8 una vera e propria opera d&#8217;arte, decorata con splendidi motivi natalizi che vi faranno entrare nell&#8217;atmosfera festiva. Al mattino, quando prenderete questa tazza tra le mani, sentirete il calore autentico del Natale.<\/p>\n<p>Inoltre, questa tazza \u00e8 il regalo perfetto per gli amanti del caff\u00e8 o del t\u00e8. Deliziate i vostri cari con una tazza festosa che porter\u00e0 gioia e conforto ai momenti quotidiani.<\/p>\n<p>Con la tazza da caff\u00e8 natalizia, creerete un momento speciale ogni volta che la porterete alle labbra. Godetevi la stagione natalizia con questa tazza unica e magica che riempir\u00e0 la vostra mattinata di calore e gioia.<\/p>\n","protected":false},"excerpt":{"rendered":"<p>Tazza da caff\u00e8 natalizia &#8211; Godetevi ogni sorso con un bellissimo design natalizio. Mantiene la temperatura alta e porta la gioia del Natale.<\/p>\n","protected":false},"featured_media":5937,"template":"","meta":{"site-sidebar-layout":"default","site-content-layout":"","ast-site-content-layout":"default","site-content-style":"default","site-sidebar-style":"default","ast-global-header-display":"","ast-banner-title-visibility":"","ast-main-header-display":"","ast-hfb-above-header-display":"","ast-hfb-below-header-display":"","ast-hfb-mobile-header-display":"","site-post-title":"","ast-breadcrumbs-content":"","ast-featured-img":"","footer-sml-layout":"","ast-disable-related-posts":"","theme-transparent-header-meta":"default","adv-header-id-meta":"","stick-header-meta":"","header-above-stick-meta":"","header-main-stick-meta":"","header-below-stick-meta":"","astra-migrate-meta-layouts":"default","ast-page-background-enabled":"default","ast-page-background-meta":{"desktop":{"background-color":"","background-image":"","background-repeat":"repeat","background-position":"center center","background-size":"auto","background-attachment":"scroll","background-type":"","background-media":"","overlay-type":"","overlay-color":"","overlay-opacity":"","overlay-gradient":""},"tablet":{"background-color":"","background-image":"","background-repeat":"repeat","background-position":"center center","background-size":"auto","background-attachment":"scroll","background-type":"","background-media":"","overlay-type":"","overlay-color":"","overlay-opacity":"","overlay-gradient":""},"mobile":{"background-color":"","background-image":"","background-repeat":"repeat","background-position":"center center","background-size":"auto","background-attachment":"scroll","background-type":"","background-media":"","overlay-type":"","overlay-color":"","overlay-opacity":"","overlay-gradient":""}},"ast-content-background-meta":{"desktop":{"background-color":"var(--ast-global-color-5)","background-image":"","background-repeat":"repeat","background-position":"center center","background-size":"auto","background-attachment":"scroll","background-type":"","background-media":"","overlay-type":"","overlay-color":"","overlay-opacity":"","overlay-gradient":""},"tablet":{"background-color":"var(--ast-global-color-5)","background-image":"","background-repeat":"repeat","background-position":"center center","background-size":"auto","background-attachment":"scroll","background-type":"","background-media":"","overlay-type":"","overlay-color":"","overlay-opacity":"","overlay-gradient":""},"mobile":{"background-color":"var(--ast-global-color-5)","background-image":"","background-repeat":"repeat","background-position":"center center","background-size":"auto","background-attachment":"scroll","background-type":"","background-media":"","overlay-type":"","overlay-color":"","overlay-opacity":"","overlay-gradient":""}}},"product_brand":[],"product_cat":[60],"product_tag":[],"class_list":{"0":"post-5944","1":"product","2":"type-product","3":"status-publish","4":"has-post-thumbnail","6":"product_cat-bozicna-darila","7":"desktop-align-center","8":"tablet-align-left","9":"mobile-align-left","11":"first","12":"instock","13":"taxable","14":"shipping-taxable","15":"product-type-external"},"aioseo_notices":[],"_links":{"self":[{"href":"https:\/\/bozicnejaslice.si\/it\/wp-json\/wp\/v2\/product\/5944","targetHints":{"allow":["GET"]}}],"collection":[{"href":"https:\/\/bozicnejaslice.si\/it\/wp-json\/wp\/v2\/product"}],"about":[{"href":"https:\/\/bozicnejaslice.si\/it\/wp-json\/wp\/v2\/types\/product"}],"version-history":[{"count":0,"href":"https:\/\/bozicnejaslice.si\/it\/wp-json\/wp\/v2\/product\/5944\/revisions"}],"wp:featuredmedia":[{"embeddable":true,"href":"https:\/\/bozicnejaslice.si\/it\/wp-json\/wp\/v2\/media\/5937"}],"wp:attachment":[{"href":"https:\/\/bozicnejaslice.si\/it\/wp-json\/wp\/v2\/media?parent=5944"}],"wp:term":[{"taxonomy":"product_brand","embeddable":true,"href":"https:\/\/bozicnejaslice.si\/it\/wp-json\/wp\/v2\/product_brand?post=5944"},{"taxonomy":"product_cat","embeddable":true,"href":"https:\/\/bozicnejaslice.si\/it\/wp-json\/wp\/v2\/product_cat?post=5944"},{"taxonomy":"product_tag","embeddable":true,"href":"https:\/\/bozicnejaslice.si\/it\/wp-json\/wp\/v2\/product_tag?post=5944"}],"curies":[{"name":"wp","href":"https:\/\/api.w.org\/{rel}","templated":true}]}}