{"id":6280,"date":"2023-11-14T11:51:57","date_gmt":"2023-11-14T10:51:57","guid":{"rendered":"https:\/\/bozicnejaslice.si\/izdelek\/stalla-in-legno\/"},"modified":"2024-10-21T14:34:00","modified_gmt":"2024-10-21T12:34:00","slug":"tettoia-in-legno","status":"publish","type":"product","link":"https:\/\/bozicnejaslice.si\/it\/prodotto\/tettoia-in-legno\/","title":{"rendered":"Stalla in legno"},"content":{"rendered":"<h2>Fienile in legno &#8211; Il calore della natura e l&#8217;arte del fare<\/h2>\n<p>Il fienile in legno \u00e8 un vero capolavoro di artigianato, che porta in casa vostra il calore del legno naturale e il fascino delle tecniche artigianali tradizionali. Questo bellissimo fienile \u00e8 stato accuratamente intagliato nel legno pi\u00f9 pregiato, la cui struttura naturale e i toni caldi creano una sensazione di familiarit\u00e0 e connessione naturale. Ogni stalla \u00e8 realizzata con un&#8217;eccezionale attenzione ai dettagli, dalla levigatura fine al design elegante, per garantire che ogni pezzo sia davvero unico.<\/p>\n<p>La sua struttura robusta ma esteticamente sofisticata \u00e8 ideale per chi apprezza l&#8217;autenticit\u00e0 dei materiali naturali e desidera conferire un elemento di eleganza naturale alle proprie decorazioni festive. Il fienile di legno non \u00e8 solo una decorazione, ma un simbolo di uno stile di vita sostenibile e del rispetto per la natura. \u00c8 la scelta perfetta per essere collocata al centro del vostro presepe, dove la sua presenza creer\u00e0 un&#8217;atmosfera armoniosa e calda.<\/p>\n<p>Ogni fienile \u00e8 espressione dell&#8217;artigianato e dell&#8217;amore per la lavorazione del legno, progettato all&#8217;insegna della sostenibilit\u00e0 e della bellezza eterna. Con una stalla in legno in casa, trascorrerete le vacanze immersi nella natura e nella tradizione, arricchiti dalla bellezza che solo l&#8217;artigianato autentico sa regalare.<\/p>\n","protected":false},"excerpt":{"rendered":"<p>Fienile in legno &#8211; Il calore della natura e l&#8217;arte del fare Il fienile in legno \u00e8 un vero capolavoro di artigianato, che porta in casa vostra il calore del legno naturale e il fascino delle tecniche artigianali tradizionali. Questo bellissimo fienile \u00e8 stato accuratamente intagliato nel legno pi\u00f9 pregiato, la cui struttura naturale e [&hellip;]<\/p>\n","protected":false},"featured_media":6364,"template":"","meta":{"site-sidebar-layout":"default","site-content-layout":"","ast-site-content-layout":"default","site-content-style":"default","site-sidebar-style":"default","ast-global-header-display":"","ast-banner-title-visibility":"","ast-main-header-display":"","ast-hfb-above-header-display":"","ast-hfb-below-header-display":"","ast-hfb-mobile-header-display":"","site-post-title":"","ast-breadcrumbs-content":"","ast-featured-img":"","footer-sml-layout":"","ast-disable-related-posts":"","theme-transparent-header-meta":"default","adv-header-id-meta":"","stick-header-meta":"","header-above-stick-meta":"","header-main-stick-meta":"","header-below-stick-meta":"","astra-migrate-meta-layouts":"default","ast-page-background-enabled":"default","ast-page-background-meta":{"desktop":{"background-color":"","background-image":"","background-repeat":"repeat","background-position":"center center","background-size":"auto","background-attachment":"scroll","background-type":"","background-media":"","overlay-type":"","overlay-color":"","overlay-opacity":"","overlay-gradient":""},"tablet":{"background-color":"","background-image":"","background-repeat":"repeat","background-position":"center center","background-size":"auto","background-attachment":"scroll","background-type":"","background-media":"","overlay-type":"","overlay-color":"","overlay-opacity":"","overlay-gradient":""},"mobile":{"background-color":"","background-image":"","background-repeat":"repeat","background-position":"center center","background-size":"auto","background-attachment":"scroll","background-type":"","background-media":"","overlay-type":"","overlay-color":"","overlay-opacity":"","overlay-gradient":""}},"ast-content-background-meta":{"desktop":{"background-color":"var(--ast-global-color-5)","background-image":"","background-repeat":"repeat","background-position":"center center","background-size":"auto","background-attachment":"scroll","background-type":"","background-media":"","overlay-type":"","overlay-color":"","overlay-opacity":"","overlay-gradient":""},"tablet":{"background-color":"var(--ast-global-color-5)","background-image":"","background-repeat":"repeat","background-position":"center center","background-size":"auto","background-attachment":"scroll","background-type":"","background-media":"","overlay-type":"","overlay-color":"","overlay-opacity":"","overlay-gradient":""},"mobile":{"background-color":"var(--ast-global-color-5)","background-image":"","background-repeat":"repeat","background-position":"center center","background-size":"auto","background-attachment":"scroll","background-type":"","background-media":"","overlay-type":"","overlay-color":"","overlay-opacity":"","overlay-gradient":""}}},"product_brand":[],"product_cat":[110],"product_tag":[],"class_list":{"0":"post-6280","1":"product","2":"type-product","3":"status-publish","4":"has-post-thumbnail","6":"product_cat-hlevcek-za-jaslice","7":"desktop-align-center","8":"tablet-align-left","9":"mobile-align-left","11":"first","12":"outofstock","13":"featured","14":"taxable","15":"shipping-taxable","16":"purchasable","17":"product-type-simple"},"aioseo_notices":[],"_links":{"self":[{"href":"https:\/\/bozicnejaslice.si\/it\/wp-json\/wp\/v2\/product\/6280","targetHints":{"allow":["GET"]}}],"collection":[{"href":"https:\/\/bozicnejaslice.si\/it\/wp-json\/wp\/v2\/product"}],"about":[{"href":"https:\/\/bozicnejaslice.si\/it\/wp-json\/wp\/v2\/types\/product"}],"version-history":[{"count":0,"href":"https:\/\/bozicnejaslice.si\/it\/wp-json\/wp\/v2\/product\/6280\/revisions"}],"wp:featuredmedia":[{"embeddable":true,"href":"https:\/\/bozicnejaslice.si\/it\/wp-json\/wp\/v2\/media\/6364"}],"wp:attachment":[{"href":"https:\/\/bozicnejaslice.si\/it\/wp-json\/wp\/v2\/media?parent=6280"}],"wp:term":[{"taxonomy":"product_brand","embeddable":true,"href":"https:\/\/bozicnejaslice.si\/it\/wp-json\/wp\/v2\/product_brand?post=6280"},{"taxonomy":"product_cat","embeddable":true,"href":"https:\/\/bozicnejaslice.si\/it\/wp-json\/wp\/v2\/product_cat?post=6280"},{"taxonomy":"product_tag","embeddable":true,"href":"https:\/\/bozicnejaslice.si\/it\/wp-json\/wp\/v2\/product_tag?post=6280"}],"curies":[{"name":"wp","href":"https:\/\/api.w.org\/{rel}","templated":true}]}}