{"id":7294,"date":"2024-10-20T20:43:21","date_gmt":"2024-10-20T18:43:21","guid":{"rendered":"https:\/\/bozicnejaslice.si\/izdelek\/culla-in-legno-scuro\/"},"modified":"2024-10-20T20:43:21","modified_gmt":"2024-10-20T18:43:21","slug":"culla-in-legno-scuro","status":"publish","type":"product","link":"https:\/\/bozicnejaslice.si\/it\/prodotto\/culla-in-legno-scuro\/","title":{"rendered":"Culla in legno scuro"},"content":{"rendered":"<p>Il presepe in legno scuro in legno di noce \u00e8 una bellissima decorazione festiva che unisce tradizione ed eleganza. Realizzato in legno scuro di qualit\u00e0, questo presepe dona un aspetto sofisticato e rustico a qualsiasi stanza. Ogni figura \u00e8 accuratamente intagliata e cerata a mano, esaltando la bellezza naturale del legno di noce e dando al presepe un tocco unico di capolavoro artistico. Il colore scuro del legno conferisce al presepe un contrasto speciale che esalta i dettagli e la forma di ogni figura. La texture naturale del legno e il suo colore scuro si adattano perfettamente all&#8217;atmosfera natalizia tradizionale, aggiungendo un tocco di eleganza e prestigio. Questo presepe \u00e8 ideale per chi cerca un look un po&#8217; pi\u00f9 sofisticato e naturale che si adatti alle decorazioni moderne e classiche. Questo presepe \u00e8 la scelta ideale per una mensola o un caminetto. Sono realizzati meticolosamente a mano, quindi ogni pezzo \u00e8 unico. Grazie alla loro durata e alla qualit\u00e0 artigianale, i presepi in legno sono adatti a molti anni di utilizzo e diventeranno un elemento fisso delle tue decorazioni natalizie. Oltre al loro valore estetico, questi presepi trasmettono il profondo simbolismo del Natale e la storia della nascita di Ges\u00f9. Creeranno un&#8217;atmosfera calda e festosa che riunir\u00e0 famiglia e amici per celebrare questo momento speciale. Questi presepi in legno scuro sono il regalo ideale per gli amanti delle decorazioni natalizie tradizionali e diventeranno sicuramente una parte preziosa della tua collezione natalizia. Posizionali in evidenza e goditi il loro aspetto naturale ma sofisticato che riempir\u00e0 la tua casa con la magia del Natale.  <\/p>\n","protected":false},"excerpt":{"rendered":"<p>Il presepe in legno di noce scuro combina eleganza e tradizione con figure intagliate a mano in legno di qualit\u00e0. Crea un&#8217;atmosfera calda e festosa nella tua casa. <\/p>\n","protected":false},"featured_media":7220,"template":"","meta":{"site-sidebar-layout":"default","site-content-layout":"","ast-site-content-layout":"default","site-content-style":"default","site-sidebar-style":"default","ast-global-header-display":"","ast-banner-title-visibility":"","ast-main-header-display":"","ast-hfb-above-header-display":"","ast-hfb-below-header-display":"","ast-hfb-mobile-header-display":"","site-post-title":"","ast-breadcrumbs-content":"","ast-featured-img":"","footer-sml-layout":"","ast-disable-related-posts":"","theme-transparent-header-meta":"default","adv-header-id-meta":"","stick-header-meta":"","header-above-stick-meta":"","header-main-stick-meta":"","header-below-stick-meta":"","astra-migrate-meta-layouts":"default","ast-page-background-enabled":"default","ast-page-background-meta":{"desktop":{"background-color":"","background-image":"","background-repeat":"repeat","background-position":"center center","background-size":"auto","background-attachment":"scroll","background-type":"","background-media":"","overlay-type":"","overlay-color":"","overlay-opacity":"","overlay-gradient":""},"tablet":{"background-color":"","background-image":"","background-repeat":"repeat","background-position":"center center","background-size":"auto","background-attachment":"scroll","background-type":"","background-media":"","overlay-type":"","overlay-color":"","overlay-opacity":"","overlay-gradient":""},"mobile":{"background-color":"","background-image":"","background-repeat":"repeat","background-position":"center center","background-size":"auto","background-attachment":"scroll","background-type":"","background-media":"","overlay-type":"","overlay-color":"","overlay-opacity":"","overlay-gradient":""}},"ast-content-background-meta":{"desktop":{"background-color":"var(--ast-global-color-5)","background-image":"","background-repeat":"repeat","background-position":"center center","background-size":"auto","background-attachment":"scroll","background-type":"","background-media":"","overlay-type":"","overlay-color":"","overlay-opacity":"","overlay-gradient":""},"tablet":{"background-color":"var(--ast-global-color-5)","background-image":"","background-repeat":"repeat","background-position":"center center","background-size":"auto","background-attachment":"scroll","background-type":"","background-media":"","overlay-type":"","overlay-color":"","overlay-opacity":"","overlay-gradient":""},"mobile":{"background-color":"var(--ast-global-color-5)","background-image":"","background-repeat":"repeat","background-position":"center center","background-size":"auto","background-attachment":"scroll","background-type":"","background-media":"","overlay-type":"","overlay-color":"","overlay-opacity":"","overlay-gradient":""}}},"product_brand":[],"product_cat":[96],"product_tag":[],"class_list":{"0":"post-7294","1":"product","2":"type-product","3":"status-publish","4":"has-post-thumbnail","6":"product_cat-presepe-in-legno","7":"desktop-align-center","8":"tablet-align-left","9":"mobile-align-left","11":"first","12":"outofstock","13":"featured","14":"taxable","15":"shipping-taxable","16":"purchasable","17":"product-type-simple"},"aioseo_notices":[],"_links":{"self":[{"href":"https:\/\/bozicnejaslice.si\/it\/wp-json\/wp\/v2\/product\/7294","targetHints":{"allow":["GET"]}}],"collection":[{"href":"https:\/\/bozicnejaslice.si\/it\/wp-json\/wp\/v2\/product"}],"about":[{"href":"https:\/\/bozicnejaslice.si\/it\/wp-json\/wp\/v2\/types\/product"}],"version-history":[{"count":0,"href":"https:\/\/bozicnejaslice.si\/it\/wp-json\/wp\/v2\/product\/7294\/revisions"}],"wp:featuredmedia":[{"embeddable":true,"href":"https:\/\/bozicnejaslice.si\/it\/wp-json\/wp\/v2\/media\/7220"}],"wp:attachment":[{"href":"https:\/\/bozicnejaslice.si\/it\/wp-json\/wp\/v2\/media?parent=7294"}],"wp:term":[{"taxonomy":"product_brand","embeddable":true,"href":"https:\/\/bozicnejaslice.si\/it\/wp-json\/wp\/v2\/product_brand?post=7294"},{"taxonomy":"product_cat","embeddable":true,"href":"https:\/\/bozicnejaslice.si\/it\/wp-json\/wp\/v2\/product_cat?post=7294"},{"taxonomy":"product_tag","embeddable":true,"href":"https:\/\/bozicnejaslice.si\/it\/wp-json\/wp\/v2\/product_tag?post=7294"}],"curies":[{"name":"wp","href":"https:\/\/api.w.org\/{rel}","templated":true}]}}