{"id":7295,"date":"2024-10-20T20:35:48","date_gmt":"2024-10-20T18:35:48","guid":{"rendered":"https:\/\/bozicnejaslice.si\/izdelek\/culla-per-scaffale\/"},"modified":"2024-10-20T20:35:48","modified_gmt":"2024-10-20T18:35:48","slug":"culla-per-scaffale","status":"publish","type":"product","link":"https:\/\/bozicnejaslice.si\/it\/prodotto\/culla-per-scaffale\/","title":{"rendered":"Culla per scaffale"},"content":{"rendered":"<p>Il presepe \u00e8 una decorazione elegante e tradizionale che porter\u00e0 lo spirito delle feste natalizie nella tua casa. Realizzato a mano con materiali di alta qualit\u00e0, questo presepe raffigura i personaggi chiave della storia di Natale. Grazie ai dettagli curati, questo presepe \u00e8 un&#8217;autentica rappresentazione della tradizionale scena natalizia che far\u00e0 la gioia di ogni visitatore. Il presepe \u00e8 progettato per essere posizionato su una mensola. Pu\u00f2 essere facilmente posizionato e spostato nella stanza, consentendoti una completa flessibilit\u00e0 nella decorazione. Tuttavia, il Presepe conserva tutti i dettagli e il simbolismo che sono parte integrante di questa importante scena festiva. Sono realizzati con una combinazione di legni e hanno un autentico aspetto naturale. La natura artigianale di ogni figura conferisce un carattere unico e personale, rendendo ogni presepe unico. Le tecniche di pittura artistica e i dettagli delle figure creano una bellissima scena festiva che porter\u00e0 il calore e la gioia del periodo natalizio nella tua casa. Il presepe da scaffale \u00e8 un&#8217;ottima scelta per decorare la casa e per fare un regalo ai tuoi cari. Porter\u00e0 il vero spirito del Natale nella tua casa e creer\u00e0 un&#8217;atmosfera che tutti i tuoi familiari e amici apprezzeranno. Posizionalo in un luogo ben visibile e lascia che diventi il fulcro delle tue decorazioni natalizie.  <\/p>\n","protected":false},"excerpt":{"rendered":"<p>Un presepe da scaffale fatto a mano \u00e8 una meravigliosa decorazione natalizia che porta tradizione e calore nella tua casa. Le dimensioni compatte sono ideali per gli spazi pi\u00f9 piccoli. <\/p>\n","protected":false},"featured_media":7862,"template":"","meta":{"site-sidebar-layout":"default","site-content-layout":"","ast-site-content-layout":"default","site-content-style":"default","site-sidebar-style":"default","ast-global-header-display":"","ast-banner-title-visibility":"","ast-main-header-display":"","ast-hfb-above-header-display":"","ast-hfb-below-header-display":"","ast-hfb-mobile-header-display":"","site-post-title":"","ast-breadcrumbs-content":"","ast-featured-img":"","footer-sml-layout":"","ast-disable-related-posts":"","theme-transparent-header-meta":"default","adv-header-id-meta":"","stick-header-meta":"","header-above-stick-meta":"","header-main-stick-meta":"","header-below-stick-meta":"","astra-migrate-meta-layouts":"default","ast-page-background-enabled":"default","ast-page-background-meta":{"desktop":{"background-color":"","background-image":"","background-repeat":"repeat","background-position":"center center","background-size":"auto","background-attachment":"scroll","background-type":"","background-media":"","overlay-type":"","overlay-color":"","overlay-opacity":"","overlay-gradient":""},"tablet":{"background-color":"","background-image":"","background-repeat":"repeat","background-position":"center center","background-size":"auto","background-attachment":"scroll","background-type":"","background-media":"","overlay-type":"","overlay-color":"","overlay-opacity":"","overlay-gradient":""},"mobile":{"background-color":"","background-image":"","background-repeat":"repeat","background-position":"center center","background-size":"auto","background-attachment":"scroll","background-type":"","background-media":"","overlay-type":"","overlay-color":"","overlay-opacity":"","overlay-gradient":""}},"ast-content-background-meta":{"desktop":{"background-color":"var(--ast-global-color-5)","background-image":"","background-repeat":"repeat","background-position":"center center","background-size":"auto","background-attachment":"scroll","background-type":"","background-media":"","overlay-type":"","overlay-color":"","overlay-opacity":"","overlay-gradient":""},"tablet":{"background-color":"var(--ast-global-color-5)","background-image":"","background-repeat":"repeat","background-position":"center center","background-size":"auto","background-attachment":"scroll","background-type":"","background-media":"","overlay-type":"","overlay-color":"","overlay-opacity":"","overlay-gradient":""},"mobile":{"background-color":"var(--ast-global-color-5)","background-image":"","background-repeat":"repeat","background-position":"center center","background-size":"auto","background-attachment":"scroll","background-type":"","background-media":"","overlay-type":"","overlay-color":"","overlay-opacity":"","overlay-gradient":""}}},"product_brand":[],"product_cat":[67],"product_tag":[],"class_list":{"0":"post-7295","1":"product","2":"type-product","3":"status-publish","4":"has-post-thumbnail","6":"product_cat-lesene-jaslice","7":"desktop-align-center","8":"tablet-align-left","9":"mobile-align-left","11":"first","12":"outofstock","13":"featured","14":"sold-individually","15":"taxable","16":"shipping-taxable","17":"purchasable","18":"product-type-simple"},"aioseo_notices":[],"_links":{"self":[{"href":"https:\/\/bozicnejaslice.si\/it\/wp-json\/wp\/v2\/product\/7295","targetHints":{"allow":["GET"]}}],"collection":[{"href":"https:\/\/bozicnejaslice.si\/it\/wp-json\/wp\/v2\/product"}],"about":[{"href":"https:\/\/bozicnejaslice.si\/it\/wp-json\/wp\/v2\/types\/product"}],"version-history":[{"count":0,"href":"https:\/\/bozicnejaslice.si\/it\/wp-json\/wp\/v2\/product\/7295\/revisions"}],"wp:featuredmedia":[{"embeddable":true,"href":"https:\/\/bozicnejaslice.si\/it\/wp-json\/wp\/v2\/media\/7862"}],"wp:attachment":[{"href":"https:\/\/bozicnejaslice.si\/it\/wp-json\/wp\/v2\/media?parent=7295"}],"wp:term":[{"taxonomy":"product_brand","embeddable":true,"href":"https:\/\/bozicnejaslice.si\/it\/wp-json\/wp\/v2\/product_brand?post=7295"},{"taxonomy":"product_cat","embeddable":true,"href":"https:\/\/bozicnejaslice.si\/it\/wp-json\/wp\/v2\/product_cat?post=7295"},{"taxonomy":"product_tag","embeddable":true,"href":"https:\/\/bozicnejaslice.si\/it\/wp-json\/wp\/v2\/product_tag?post=7295"}],"curies":[{"name":"wp","href":"https:\/\/api.w.org\/{rel}","templated":true}]}}