{"id":7305,"date":"2023-12-03T00:16:04","date_gmt":"2023-12-02T23:16:04","guid":{"rendered":"https:\/\/bozicnejaslice.si\/izdelek\/il-presepe-un-angolo-misterioso-della-foresta\/"},"modified":"2023-12-03T00:16:04","modified_gmt":"2023-12-02T23:16:04","slug":"il-presepe-un-angolo-misterioso-della-foresta","status":"publish","type":"product","link":"https:\/\/bozicnejaslice.si\/it\/prodotto\/il-presepe-un-angolo-misterioso-della-foresta\/","title":{"rendered":"Il Presepe &#8211; un angolo misterioso della foresta"},"content":{"rendered":"<p>Il Presepe &#8211; Angolo della Foresta Misteriosa \u00e8 un&#8217;opera d&#8217;arte che risveglia un senso di meraviglia, utilizzando elementi naturali per creare una scena che \u00e8 allo stesso tempo familiare e mistica. Il fondamento di questa creazione \u00e8 una possente radice che, con le sue forme contorte e la sua superficie strutturata, crea una cavit\u00e0 naturale in cui si svolge la storia della nascita. La scena storica \u00e8 circondata da strutture ramificate che rappresentano antichi rami di alberi ricoperti da un candore che evoca un tocco di inverno. Con ogni dettaglio, dalla sabbia delicatamente cosparsa alle pietre accuratamente posizionate e alla piccola vegetazione, il misterioso angolo di foresta ti invita a contemplare il mondo naturale e il suo legame con la tradizione natalizia. L&#8217;edificio in miniatura, con il suo colore bianco che contrasta con i toni scuri delle radici, rappresenta un luogo di inizio e un rifugio che fa da sfondo a una famiglia sacra. Questa scena non \u00e8 solo una rappresentazione di una delle pi\u00f9 grandi storie dell&#8217;umanit\u00e0, ma anche un omaggio alla natura e alla sua resilienza, simboleggiata da radici forti e solide. Il presepe &#8211; un angolo misterioso della foresta &#8211; \u00e8 pi\u00f9 di una decorazione natalizia: \u00e8 un centro di contemplazione e celebrazione della pace che questa stagione sacra porta nell&#8217;abbraccio del mondo naturale.  <\/p>\n","protected":false},"excerpt":{"rendered":"<p>Il Presepe &#8211; un angolo misterioso della foresta: dove radici antiche e magia invernale si intrecciano nella festosa storia della nascita di Ges\u00f9 e del Natale di oggi.<\/p>\n","protected":false},"featured_media":6688,"template":"","meta":{"site-sidebar-layout":"default","site-content-layout":"","ast-site-content-layout":"default","site-content-style":"default","site-sidebar-style":"default","ast-global-header-display":"","ast-banner-title-visibility":"","ast-main-header-display":"","ast-hfb-above-header-display":"","ast-hfb-below-header-display":"","ast-hfb-mobile-header-display":"","site-post-title":"","ast-breadcrumbs-content":"","ast-featured-img":"","footer-sml-layout":"","ast-disable-related-posts":"","theme-transparent-header-meta":"default","adv-header-id-meta":"","stick-header-meta":"","header-above-stick-meta":"","header-main-stick-meta":"","header-below-stick-meta":"","astra-migrate-meta-layouts":"default","ast-page-background-enabled":"default","ast-page-background-meta":{"desktop":{"background-color":"","background-image":"","background-repeat":"repeat","background-position":"center center","background-size":"auto","background-attachment":"scroll","background-type":"","background-media":"","overlay-type":"","overlay-color":"","overlay-opacity":"","overlay-gradient":""},"tablet":{"background-color":"","background-image":"","background-repeat":"repeat","background-position":"center center","background-size":"auto","background-attachment":"scroll","background-type":"","background-media":"","overlay-type":"","overlay-color":"","overlay-opacity":"","overlay-gradient":""},"mobile":{"background-color":"","background-image":"","background-repeat":"repeat","background-position":"center center","background-size":"auto","background-attachment":"scroll","background-type":"","background-media":"","overlay-type":"","overlay-color":"","overlay-opacity":"","overlay-gradient":""}},"ast-content-background-meta":{"desktop":{"background-color":"var(--ast-global-color-5)","background-image":"","background-repeat":"repeat","background-position":"center center","background-size":"auto","background-attachment":"scroll","background-type":"","background-media":"","overlay-type":"","overlay-color":"","overlay-opacity":"","overlay-gradient":""},"tablet":{"background-color":"var(--ast-global-color-5)","background-image":"","background-repeat":"repeat","background-position":"center center","background-size":"auto","background-attachment":"scroll","background-type":"","background-media":"","overlay-type":"","overlay-color":"","overlay-opacity":"","overlay-gradient":""},"mobile":{"background-color":"var(--ast-global-color-5)","background-image":"","background-repeat":"repeat","background-position":"center center","background-size":"auto","background-attachment":"scroll","background-type":"","background-media":"","overlay-type":"","overlay-color":"","overlay-opacity":"","overlay-gradient":""}}},"product_brand":[],"product_cat":[96],"product_tag":[],"class_list":{"0":"post-7305","1":"product","2":"type-product","3":"status-publish","4":"has-post-thumbnail","6":"product_cat-presepe-in-legno","7":"desktop-align-center","8":"tablet-align-left","9":"mobile-align-left","11":"first","12":"outofstock","13":"featured","14":"taxable","15":"shipping-taxable","16":"purchasable","17":"product-type-variable"},"aioseo_notices":[],"_links":{"self":[{"href":"https:\/\/bozicnejaslice.si\/it\/wp-json\/wp\/v2\/product\/7305","targetHints":{"allow":["GET"]}}],"collection":[{"href":"https:\/\/bozicnejaslice.si\/it\/wp-json\/wp\/v2\/product"}],"about":[{"href":"https:\/\/bozicnejaslice.si\/it\/wp-json\/wp\/v2\/types\/product"}],"version-history":[{"count":0,"href":"https:\/\/bozicnejaslice.si\/it\/wp-json\/wp\/v2\/product\/7305\/revisions"}],"wp:featuredmedia":[{"embeddable":true,"href":"https:\/\/bozicnejaslice.si\/it\/wp-json\/wp\/v2\/media\/6688"}],"wp:attachment":[{"href":"https:\/\/bozicnejaslice.si\/it\/wp-json\/wp\/v2\/media?parent=7305"}],"wp:term":[{"taxonomy":"product_brand","embeddable":true,"href":"https:\/\/bozicnejaslice.si\/it\/wp-json\/wp\/v2\/product_brand?post=7305"},{"taxonomy":"product_cat","embeddable":true,"href":"https:\/\/bozicnejaslice.si\/it\/wp-json\/wp\/v2\/product_cat?post=7305"},{"taxonomy":"product_tag","embeddable":true,"href":"https:\/\/bozicnejaslice.si\/it\/wp-json\/wp\/v2\/product_tag?post=7305"}],"curies":[{"name":"wp","href":"https:\/\/api.w.org\/{rel}","templated":true}]}}