{"id":7314,"date":"2024-07-16T19:32:20","date_gmt":"2024-07-16T17:32:20","guid":{"rendered":"https:\/\/bozicnejaslice.si\/izdelek\/anniversari-rotondi-fiore-di-compleanno-in-legno\/"},"modified":"2025-11-18T08:55:15","modified_gmt":"2025-11-18T07:55:15","slug":"anniversari-rotondi-fiore-di-compleanno-in-legno","status":"publish","type":"product","link":"https:\/\/bozicnejaslice.si\/it\/prodotto\/anniversari-rotondi-fiore-di-compleanno-in-legno\/","title":{"rendered":"Anniversari rotondi &#8211; Fiore di compleanno in legno"},"content":{"rendered":"<p>Cerchi un regalo unico e indimenticabile per un&#8217;occasione speciale? Il nostro grande fiore di legno \u00e8 la scelta perfetta per anniversari e compleanni! Con la sua impressionante altezza di oltre 2 metri, lascer\u00e0 sicuramente un&#8217;impressione duratura. Il fiore di legno non \u00e8 solo una bellissima decorazione, ma include anche un pratico vaso per piantare fiori veri. \u00c8 realizzato in legno di alta qualit\u00e0, che garantisce durata ed eleganza. Rendi il tuo prossimo regalo un&#8217;esperienza speciale con il nostro fiore in legno che unisce la bellezza della natura e dell&#8217;arte.     <\/p>\n","protected":false},"excerpt":{"rendered":"<p>Cerchi un regalo unico e indimenticabile per un&#8217;occasione speciale? Il nostro grande fiore di legno \u00e8 la scelta perfetta per anniversari e compleanni! Con la sua impressionante altezza di oltre 2 metri, lascer\u00e0 sicuramente un&#8217;impressione duratura. Il fiore di legno non \u00e8 solo una bellissima decorazione, ma include anche un pratico vaso per piantare fiori [&hellip;]<\/p>\n","protected":false},"featured_media":7058,"template":"","meta":{"site-sidebar-layout":"default","site-content-layout":"","ast-site-content-layout":"default","site-content-style":"default","site-sidebar-style":"default","ast-global-header-display":"","ast-banner-title-visibility":"","ast-main-header-display":"","ast-hfb-above-header-display":"","ast-hfb-below-header-display":"","ast-hfb-mobile-header-display":"","site-post-title":"","ast-breadcrumbs-content":"","ast-featured-img":"","footer-sml-layout":"","ast-disable-related-posts":"","theme-transparent-header-meta":"default","adv-header-id-meta":"","stick-header-meta":"","header-above-stick-meta":"","header-main-stick-meta":"","header-below-stick-meta":"","astra-migrate-meta-layouts":"default","ast-page-background-enabled":"default","ast-page-background-meta":{"desktop":{"background-color":"","background-image":"","background-repeat":"repeat","background-position":"center center","background-size":"auto","background-attachment":"scroll","background-type":"","background-media":"","overlay-type":"","overlay-color":"","overlay-opacity":"","overlay-gradient":""},"tablet":{"background-color":"","background-image":"","background-repeat":"repeat","background-position":"center center","background-size":"auto","background-attachment":"scroll","background-type":"","background-media":"","overlay-type":"","overlay-color":"","overlay-opacity":"","overlay-gradient":""},"mobile":{"background-color":"","background-image":"","background-repeat":"repeat","background-position":"center center","background-size":"auto","background-attachment":"scroll","background-type":"","background-media":"","overlay-type":"","overlay-color":"","overlay-opacity":"","overlay-gradient":""}},"ast-content-background-meta":{"desktop":{"background-color":"var(--ast-global-color-5)","background-image":"","background-repeat":"repeat","background-position":"center center","background-size":"auto","background-attachment":"scroll","background-type":"","background-media":"","overlay-type":"","overlay-color":"","overlay-opacity":"","overlay-gradient":""},"tablet":{"background-color":"var(--ast-global-color-5)","background-image":"","background-repeat":"repeat","background-position":"center center","background-size":"auto","background-attachment":"scroll","background-type":"","background-media":"","overlay-type":"","overlay-color":"","overlay-opacity":"","overlay-gradient":""},"mobile":{"background-color":"var(--ast-global-color-5)","background-image":"","background-repeat":"repeat","background-position":"center center","background-size":"auto","background-attachment":"scroll","background-type":"","background-media":"","overlay-type":"","overlay-color":"","overlay-opacity":"","overlay-gradient":""}}},"product_brand":[],"product_cat":[104],"product_tag":[],"class_list":{"0":"post-7314","1":"product","2":"type-product","3":"status-publish","4":"has-post-thumbnail","6":"product_cat-regali-di-natale","7":"desktop-align-center","8":"tablet-align-left","9":"mobile-align-left","11":"first","12":"outofstock","13":"taxable","14":"shipping-taxable","15":"purchasable","16":"product-type-simple"},"aioseo_notices":[],"_links":{"self":[{"href":"https:\/\/bozicnejaslice.si\/it\/wp-json\/wp\/v2\/product\/7314","targetHints":{"allow":["GET"]}}],"collection":[{"href":"https:\/\/bozicnejaslice.si\/it\/wp-json\/wp\/v2\/product"}],"about":[{"href":"https:\/\/bozicnejaslice.si\/it\/wp-json\/wp\/v2\/types\/product"}],"version-history":[{"count":1,"href":"https:\/\/bozicnejaslice.si\/it\/wp-json\/wp\/v2\/product\/7314\/revisions"}],"predecessor-version":[{"id":8440,"href":"https:\/\/bozicnejaslice.si\/it\/wp-json\/wp\/v2\/product\/7314\/revisions\/8440"}],"wp:featuredmedia":[{"embeddable":true,"href":"https:\/\/bozicnejaslice.si\/it\/wp-json\/wp\/v2\/media\/7058"}],"wp:attachment":[{"href":"https:\/\/bozicnejaslice.si\/it\/wp-json\/wp\/v2\/media?parent=7314"}],"wp:term":[{"taxonomy":"product_brand","embeddable":true,"href":"https:\/\/bozicnejaslice.si\/it\/wp-json\/wp\/v2\/product_brand?post=7314"},{"taxonomy":"product_cat","embeddable":true,"href":"https:\/\/bozicnejaslice.si\/it\/wp-json\/wp\/v2\/product_cat?post=7314"},{"taxonomy":"product_tag","embeddable":true,"href":"https:\/\/bozicnejaslice.si\/it\/wp-json\/wp\/v2\/product_tag?post=7314"}],"curies":[{"name":"wp","href":"https:\/\/api.w.org\/{rel}","templated":true}]}}