{"id":7321,"date":"2023-12-04T22:20:02","date_gmt":"2023-12-04T21:20:02","guid":{"rendered":"https:\/\/bozicnejaslice.si\/izdelek\/tagliere-di-natale\/"},"modified":"2023-12-04T22:20:02","modified_gmt":"2023-12-04T21:20:02","slug":"tagliere-di-natale","status":"publish","type":"product","link":"https:\/\/bozicnejaslice.si\/it\/prodotto\/tagliere-di-natale\/","title":{"rendered":"Tagliere di Natale"},"content":{"rendered":"<p>Prova la gioia delle feste con il nostro bellissimo tagliere di Natale. Questo tagliere natalizio dal design unico ed elegante \u00e8 realizzato in legno di alta qualit\u00e0 per garantire un uso duraturo e una resistenza all&#8217;usura. Questo tagliere diventer\u00e0 sicuramente il pezzo forte della tua tavola festiva.  <\/p>\n<p><strong>Caratteristiche principali:<\/strong><\/p>\n<ul>\n<li>Materiale: legno selezionato di alta qualit\u00e0, trattato per garantire una lunga durata e una facile pulizia.<\/li>\n<li>Design: la tavola \u00e8 realizzata in legno naturale, che le conferisce un particolare aspetto rustico.<\/li>\n<li>Multiuso: ideale per servire formaggi, salumi, frutta o come elemento decorativo sulla tua tavola di Natale.<\/li>\n<li>Manutenzione: facile da pulire con acqua tiepida e un detergente delicato, si consiglia il lavaggio a mano per mantenere la qualit\u00e0.<\/li>\n<\/ul>\n<p><strong>Perch\u00e9 scegliere il nostro tagliere di Natale?<\/strong>  Il nostro tagliere natalizio non \u00e8 solo utile, ma anche esteticamente sofisticato. \u00c8 il regalo perfetto per chi ama lo spirito delle feste o come aggiunta alla tua collezione natalizia. La sua durata e la sua qualit\u00e0 garantiscono che far\u00e0 parte delle tue celebrazioni per gli anni a venire. <strong>Come usarlo:<\/strong> Questo tagliere multiuso \u00e8 perfetto per preparare e servire le prelibatezze delle feste. Usalo per presentare formaggio, prosciutto, frutta fresca o come centrotavola per la tua tavola festiva. \u00c8 un&#8217;ottima scelta anche per le feste di Natale e per i ritrovi.  <\/p>\n<p><strong>Ordina ora per un lusso festivo!<\/strong>  Aggiungi un tocco di eleganza e calore ai tuoi incontri festivi. Ordina oggi stesso il tuo tagliere natalizio e crea un&#8217;atmosfera indimenticabile sulla tua tavola! <\/p>\n","protected":false},"excerpt":{"rendered":"<p>Il nostro tagliere natalizio \u00e8 perfetto per le serate di festa. Il design elegante e il legno di qualit\u00e0 sono una combinazione ideale per regali e feste. <\/p>\n","protected":false},"featured_media":6521,"template":"","meta":{"site-sidebar-layout":"default","site-content-layout":"","ast-site-content-layout":"default","site-content-style":"default","site-sidebar-style":"default","ast-global-header-display":"","ast-banner-title-visibility":"","ast-main-header-display":"","ast-hfb-above-header-display":"","ast-hfb-below-header-display":"","ast-hfb-mobile-header-display":"","site-post-title":"","ast-breadcrumbs-content":"","ast-featured-img":"","footer-sml-layout":"","ast-disable-related-posts":"","theme-transparent-header-meta":"default","adv-header-id-meta":"","stick-header-meta":"","header-above-stick-meta":"","header-main-stick-meta":"","header-below-stick-meta":"","astra-migrate-meta-layouts":"default","ast-page-background-enabled":"default","ast-page-background-meta":{"desktop":{"background-color":"","background-image":"","background-repeat":"repeat","background-position":"center center","background-size":"auto","background-attachment":"scroll","background-type":"","background-media":"","overlay-type":"","overlay-color":"","overlay-opacity":"","overlay-gradient":""},"tablet":{"background-color":"","background-image":"","background-repeat":"repeat","background-position":"center center","background-size":"auto","background-attachment":"scroll","background-type":"","background-media":"","overlay-type":"","overlay-color":"","overlay-opacity":"","overlay-gradient":""},"mobile":{"background-color":"","background-image":"","background-repeat":"repeat","background-position":"center center","background-size":"auto","background-attachment":"scroll","background-type":"","background-media":"","overlay-type":"","overlay-color":"","overlay-opacity":"","overlay-gradient":""}},"ast-content-background-meta":{"desktop":{"background-color":"var(--ast-global-color-5)","background-image":"","background-repeat":"repeat","background-position":"center center","background-size":"auto","background-attachment":"scroll","background-type":"","background-media":"","overlay-type":"","overlay-color":"","overlay-opacity":"","overlay-gradient":""},"tablet":{"background-color":"var(--ast-global-color-5)","background-image":"","background-repeat":"repeat","background-position":"center center","background-size":"auto","background-attachment":"scroll","background-type":"","background-media":"","overlay-type":"","overlay-color":"","overlay-opacity":"","overlay-gradient":""},"mobile":{"background-color":"var(--ast-global-color-5)","background-image":"","background-repeat":"repeat","background-position":"center center","background-size":"auto","background-attachment":"scroll","background-type":"","background-media":"","overlay-type":"","overlay-color":"","overlay-opacity":"","overlay-gradient":""}}},"product_brand":[],"product_cat":[105],"product_tag":[],"class_list":{"0":"post-7321","1":"product","2":"type-product","3":"status-publish","4":"has-post-thumbnail","6":"product_cat-taglieri-di-legno","7":"desktop-align-center","8":"tablet-align-left","9":"mobile-align-left","11":"first","12":"outofstock","13":"taxable","14":"shipping-taxable","15":"purchasable","16":"product-type-simple"},"aioseo_notices":[],"_links":{"self":[{"href":"https:\/\/bozicnejaslice.si\/it\/wp-json\/wp\/v2\/product\/7321","targetHints":{"allow":["GET"]}}],"collection":[{"href":"https:\/\/bozicnejaslice.si\/it\/wp-json\/wp\/v2\/product"}],"about":[{"href":"https:\/\/bozicnejaslice.si\/it\/wp-json\/wp\/v2\/types\/product"}],"version-history":[{"count":0,"href":"https:\/\/bozicnejaslice.si\/it\/wp-json\/wp\/v2\/product\/7321\/revisions"}],"wp:featuredmedia":[{"embeddable":true,"href":"https:\/\/bozicnejaslice.si\/it\/wp-json\/wp\/v2\/media\/6521"}],"wp:attachment":[{"href":"https:\/\/bozicnejaslice.si\/it\/wp-json\/wp\/v2\/media?parent=7321"}],"wp:term":[{"taxonomy":"product_brand","embeddable":true,"href":"https:\/\/bozicnejaslice.si\/it\/wp-json\/wp\/v2\/product_brand?post=7321"},{"taxonomy":"product_cat","embeddable":true,"href":"https:\/\/bozicnejaslice.si\/it\/wp-json\/wp\/v2\/product_cat?post=7321"},{"taxonomy":"product_tag","embeddable":true,"href":"https:\/\/bozicnejaslice.si\/it\/wp-json\/wp\/v2\/product_tag?post=7321"}],"curies":[{"name":"wp","href":"https:\/\/api.w.org\/{rel}","templated":true}]}}