{"id":7326,"date":"2023-12-12T20:34:50","date_gmt":"2023-12-12T19:34:50","guid":{"rendered":"https:\/\/bozicnejaslice.si\/izdelek\/tappeto-per-culla-con-cavalletto\/"},"modified":"2023-12-12T20:34:50","modified_gmt":"2023-12-12T19:34:50","slug":"tappeto-per-culla-con-cavalletto","status":"publish","type":"product","link":"https:\/\/bozicnejaslice.si\/it\/prodotto\/tappeto-per-culla-con-cavalletto\/","title":{"rendered":"Tappeto per culla con cavalletto"},"content":{"rendered":"<p>Il tappetino per il presepe con capra \u00e8 stato progettato con maestria per portare un tocco della tradizionale campagna slovena nella tua casa durante le festivit\u00e0 natalizie. Realizzato con un&#8217;eccezionale attenzione ai dettagli, questo tappeto presenta un&#8217;idilliaca capra, un elemento iconico dell&#8217;architettura rurale che aggiunge un autentico tocco sloveno al tuo presepe. Il cavalletto sulla base \u00e8 stato progettato utilizzando tecniche e materiali tradizionali che riflettono il patrimonio e l&#8217;artigianato. La struttura \u00e8 sostenuta da dettagli realistici come il soffitto in legno, le tegole del tetto in miniatura e i supporti in legno delicatamente intagliati, che conferiscono un senso di robustezza e forza. Intorno al cavalletto c&#8217;\u00e8 spazio per posizionare le figure della nativit\u00e0, per le quali questo fondale rustico funge da meravigliosa cornice. Questa base non \u00e8 solo una decorazione, ma funge anche da fulcro della tua decorazione natalizia, unendo tradizione e storia in un tutt&#8217;uno armonioso. Il presepe con capra \u00e8 la scelta ideale per chi apprezza la cultura e la storia e vuole dare un tocco sloveno unico alle proprie celebrazioni. <\/p>\n","protected":false},"excerpt":{"rendered":"<p>Il Presepe con capra porta il fascino della tradizione slovena nella tua casa di Natale con un&#8217;autentica capra che d\u00e0 vita alla scena festiva.<\/p>\n","protected":false},"featured_media":6770,"template":"","meta":{"site-sidebar-layout":"default","site-content-layout":"","ast-site-content-layout":"default","site-content-style":"default","site-sidebar-style":"default","ast-global-header-display":"","ast-banner-title-visibility":"","ast-main-header-display":"","ast-hfb-above-header-display":"","ast-hfb-below-header-display":"","ast-hfb-mobile-header-display":"","site-post-title":"","ast-breadcrumbs-content":"","ast-featured-img":"","footer-sml-layout":"","ast-disable-related-posts":"","theme-transparent-header-meta":"default","adv-header-id-meta":"","stick-header-meta":"","header-above-stick-meta":"","header-main-stick-meta":"","header-below-stick-meta":"","astra-migrate-meta-layouts":"default","ast-page-background-enabled":"default","ast-page-background-meta":{"desktop":{"background-color":"","background-image":"","background-repeat":"repeat","background-position":"center center","background-size":"auto","background-attachment":"scroll","background-type":"","background-media":"","overlay-type":"","overlay-color":"","overlay-opacity":"","overlay-gradient":""},"tablet":{"background-color":"","background-image":"","background-repeat":"repeat","background-position":"center center","background-size":"auto","background-attachment":"scroll","background-type":"","background-media":"","overlay-type":"","overlay-color":"","overlay-opacity":"","overlay-gradient":""},"mobile":{"background-color":"","background-image":"","background-repeat":"repeat","background-position":"center center","background-size":"auto","background-attachment":"scroll","background-type":"","background-media":"","overlay-type":"","overlay-color":"","overlay-opacity":"","overlay-gradient":""}},"ast-content-background-meta":{"desktop":{"background-color":"var(--ast-global-color-5)","background-image":"","background-repeat":"repeat","background-position":"center center","background-size":"auto","background-attachment":"scroll","background-type":"","background-media":"","overlay-type":"","overlay-color":"","overlay-opacity":"","overlay-gradient":""},"tablet":{"background-color":"var(--ast-global-color-5)","background-image":"","background-repeat":"repeat","background-position":"center center","background-size":"auto","background-attachment":"scroll","background-type":"","background-media":"","overlay-type":"","overlay-color":"","overlay-opacity":"","overlay-gradient":""},"mobile":{"background-color":"var(--ast-global-color-5)","background-image":"","background-repeat":"repeat","background-position":"center center","background-size":"auto","background-attachment":"scroll","background-type":"","background-media":"","overlay-type":"","overlay-color":"","overlay-opacity":"","overlay-gradient":""}}},"product_brand":[],"product_cat":[96],"product_tag":[],"class_list":{"0":"post-7326","1":"product","2":"type-product","3":"status-publish","4":"has-post-thumbnail","6":"product_cat-presepe-in-legno","7":"desktop-align-center","8":"tablet-align-left","9":"mobile-align-left","11":"first","12":"outofstock","13":"taxable","14":"shipping-taxable","15":"purchasable","16":"product-type-simple"},"aioseo_notices":[],"_links":{"self":[{"href":"https:\/\/bozicnejaslice.si\/it\/wp-json\/wp\/v2\/product\/7326","targetHints":{"allow":["GET"]}}],"collection":[{"href":"https:\/\/bozicnejaslice.si\/it\/wp-json\/wp\/v2\/product"}],"about":[{"href":"https:\/\/bozicnejaslice.si\/it\/wp-json\/wp\/v2\/types\/product"}],"version-history":[{"count":0,"href":"https:\/\/bozicnejaslice.si\/it\/wp-json\/wp\/v2\/product\/7326\/revisions"}],"wp:featuredmedia":[{"embeddable":true,"href":"https:\/\/bozicnejaslice.si\/it\/wp-json\/wp\/v2\/media\/6770"}],"wp:attachment":[{"href":"https:\/\/bozicnejaslice.si\/it\/wp-json\/wp\/v2\/media?parent=7326"}],"wp:term":[{"taxonomy":"product_brand","embeddable":true,"href":"https:\/\/bozicnejaslice.si\/it\/wp-json\/wp\/v2\/product_brand?post=7326"},{"taxonomy":"product_cat","embeddable":true,"href":"https:\/\/bozicnejaslice.si\/it\/wp-json\/wp\/v2\/product_cat?post=7326"},{"taxonomy":"product_tag","embeddable":true,"href":"https:\/\/bozicnejaslice.si\/it\/wp-json\/wp\/v2\/product_tag?post=7326"}],"curies":[{"name":"wp","href":"https:\/\/api.w.org\/{rel}","templated":true}]}}