{"id":7347,"date":"2023-12-03T00:01:12","date_gmt":"2023-12-02T23:01:12","guid":{"rendered":"https:\/\/bozicnejaslice.si\/izdelek\/culle-realizzate-con-radici-naturali\/"},"modified":"2023-12-03T00:01:12","modified_gmt":"2023-12-02T23:01:12","slug":"culle-realizzate-con-radici-naturali","status":"publish","type":"product","link":"https:\/\/bozicnejaslice.si\/it\/prodotto\/culle-realizzate-con-radici-naturali\/","title":{"rendered":"Culle realizzate con radici naturali"},"content":{"rendered":"<div class=\"flex-1 overflow-hidden\">\n<div class=\"react-scroll-to-bottom--css-decqx-79elbk h-full\">\n<div class=\"react-scroll-to-bottom--css-decqx-1n7m0yu\">\n<div class=\"flex flex-col pb-9 text-sm\">\n<div class=\"w-full text-token-text-primary\" data-testid=\"conversation-turn-11\">\n<div class=\"px-4 py-2 justify-center text-base md:gap-6 m-auto\">\n<div class=\"flex flex-1 text-base mx-auto gap-3 md:px-5 lg:px-1 xl:px-5 md:max-w-3xl lg:max-w-[40rem] xl:max-w-[48rem] } group final-completion\">\n<div class=\"relative flex w-full flex-col lg:w-[calc(100%-115px)] agent-turn\">\n<div class=\"flex-col gap-1 md:gap-3\">\n<div class=\"flex flex-grow flex-col max-w-full\">\n<div class=\"min-h-[20px] text-message flex flex-col items-start gap-3 whitespace-pre-wrap break-words [.text-message+&amp;]:mt-5 overflow-x-auto\" data-message-author-role=\"assistant\" data-message-id=\"90055ec6-80a7-4887-ba4b-c8b1a4392e31\">\n<div class=\"markdown prose w-full break-words dark:prose-invert light\">\n<p>Il presepe di radici naturali \u00e8 un vero e proprio capolavoro, che combina la venerabile tradizione con la bellezza incontaminata della natura. Questa installazione unica \u00e8 stata progettata con cura attorno a una possente radice, scelta per le sue linee organiche e la sua struttura imponente, che funge da elemento centrale che simboleggia stabilit\u00e0 e forza. Da questo arco naturale si dipana una scena che colloca la storia della nascita nel cuore della natura. Le figure, ognuna con la propria storia ed espressione, sono disposte su una base di radici e sabbia cosparsa di piccole pietre e conchiglie, creando un senso di terreno autentico e grezzo. Il contrasto tra la consistenza del legno secco e i colori vivaci degli abiti dei personaggi biblici offre una visione al tempo stesso familiare e sublime. Gli angeli con le ali dorate vegliano delicatamente sulla scena e la loro posizione evoca un senso di protezione celeste. I tre Re Magi, carichi di doni, sono raffigurati nel loro lungo viaggio e i loro abiti riflettono la ricchezza e l&#8217;avventura che portano con s\u00e9. La Sacra Famiglia \u00e8 raffigurata in una tranquilla umilt\u00e0, con al centro un neonato adagiato in una semplice mangiatoia, circondato da grazia e serenit\u00e0. Il presepe naturale \u00e8 pi\u00f9 di una semplice decorazione natalizia: \u00e8 un tributo alla natura che incornicia una delle storie pi\u00f9 profonde dell&#8217;umanit\u00e0 con un&#8217;eleganza senza tempo. Ogni sguardo a quest&#8217;opera invita alla contemplazione e porta serenit\u00e0 in ogni casa che adorna.  <\/p>\n<\/div>\n<\/div>\n<\/div>\n<\/div>\n<\/div>\n<\/div>\n<\/div>\n<\/div>\n<\/div>\n<\/div>\n<\/div>\n<\/div>\n","protected":false},"excerpt":{"rendered":"<p>Scolpito in una radice autentica, il presepe porta la natura nel cuore della tradizione natalizia. Un presepe in radice naturale lascer\u00e0 i tuoi visitatori a bocca aperta. <\/p>\n","protected":false},"featured_media":6641,"template":"","meta":{"site-sidebar-layout":"default","site-content-layout":"","ast-site-content-layout":"default","site-content-style":"default","site-sidebar-style":"default","ast-global-header-display":"","ast-banner-title-visibility":"","ast-main-header-display":"","ast-hfb-above-header-display":"","ast-hfb-below-header-display":"","ast-hfb-mobile-header-display":"","site-post-title":"","ast-breadcrumbs-content":"","ast-featured-img":"","footer-sml-layout":"","ast-disable-related-posts":"","theme-transparent-header-meta":"default","adv-header-id-meta":"","stick-header-meta":"","header-above-stick-meta":"","header-main-stick-meta":"","header-below-stick-meta":"","astra-migrate-meta-layouts":"default","ast-page-background-enabled":"default","ast-page-background-meta":{"desktop":{"background-color":"","background-image":"","background-repeat":"repeat","background-position":"center center","background-size":"auto","background-attachment":"scroll","background-type":"","background-media":"","overlay-type":"","overlay-color":"","overlay-opacity":"","overlay-gradient":""},"tablet":{"background-color":"","background-image":"","background-repeat":"repeat","background-position":"center center","background-size":"auto","background-attachment":"scroll","background-type":"","background-media":"","overlay-type":"","overlay-color":"","overlay-opacity":"","overlay-gradient":""},"mobile":{"background-color":"","background-image":"","background-repeat":"repeat","background-position":"center center","background-size":"auto","background-attachment":"scroll","background-type":"","background-media":"","overlay-type":"","overlay-color":"","overlay-opacity":"","overlay-gradient":""}},"ast-content-background-meta":{"desktop":{"background-color":"var(--ast-global-color-5)","background-image":"","background-repeat":"repeat","background-position":"center center","background-size":"auto","background-attachment":"scroll","background-type":"","background-media":"","overlay-type":"","overlay-color":"","overlay-opacity":"","overlay-gradient":""},"tablet":{"background-color":"var(--ast-global-color-5)","background-image":"","background-repeat":"repeat","background-position":"center center","background-size":"auto","background-attachment":"scroll","background-type":"","background-media":"","overlay-type":"","overlay-color":"","overlay-opacity":"","overlay-gradient":""},"mobile":{"background-color":"var(--ast-global-color-5)","background-image":"","background-repeat":"repeat","background-position":"center center","background-size":"auto","background-attachment":"scroll","background-type":"","background-media":"","overlay-type":"","overlay-color":"","overlay-opacity":"","overlay-gradient":""}}},"product_brand":[],"product_cat":[96],"product_tag":[],"class_list":{"0":"post-7347","1":"product","2":"type-product","3":"status-publish","4":"has-post-thumbnail","6":"product_cat-presepe-in-legno","7":"desktop-align-center","8":"tablet-align-left","9":"mobile-align-left","11":"first","12":"outofstock","13":"taxable","14":"shipping-taxable","15":"purchasable","16":"product-type-simple"},"aioseo_notices":[],"_links":{"self":[{"href":"https:\/\/bozicnejaslice.si\/it\/wp-json\/wp\/v2\/product\/7347","targetHints":{"allow":["GET"]}}],"collection":[{"href":"https:\/\/bozicnejaslice.si\/it\/wp-json\/wp\/v2\/product"}],"about":[{"href":"https:\/\/bozicnejaslice.si\/it\/wp-json\/wp\/v2\/types\/product"}],"version-history":[{"count":0,"href":"https:\/\/bozicnejaslice.si\/it\/wp-json\/wp\/v2\/product\/7347\/revisions"}],"wp:featuredmedia":[{"embeddable":true,"href":"https:\/\/bozicnejaslice.si\/it\/wp-json\/wp\/v2\/media\/6641"}],"wp:attachment":[{"href":"https:\/\/bozicnejaslice.si\/it\/wp-json\/wp\/v2\/media?parent=7347"}],"wp:term":[{"taxonomy":"product_brand","embeddable":true,"href":"https:\/\/bozicnejaslice.si\/it\/wp-json\/wp\/v2\/product_brand?post=7347"},{"taxonomy":"product_cat","embeddable":true,"href":"https:\/\/bozicnejaslice.si\/it\/wp-json\/wp\/v2\/product_cat?post=7347"},{"taxonomy":"product_tag","embeddable":true,"href":"https:\/\/bozicnejaslice.si\/it\/wp-json\/wp\/v2\/product_tag?post=7347"}],"curies":[{"name":"wp","href":"https:\/\/api.w.org\/{rel}","templated":true}]}}