{"id":7351,"date":"2023-12-03T00:09:53","date_gmt":"2023-12-02T23:09:53","guid":{"rendered":"https:\/\/bozicnejaslice.si\/izdelek\/culla-rifugio-per-le-radici\/"},"modified":"2023-12-03T00:09:53","modified_gmt":"2023-12-02T23:09:53","slug":"culla-rifugio-per-le-radici","status":"publish","type":"product","link":"https:\/\/bozicnejaslice.si\/it\/prodotto\/culla-rifugio-per-le-radici\/","title":{"rendered":"Culla &#8211; rifugio per le radici"},"content":{"rendered":"<p>Il Presepe &#8211; Riparo della Radice \u00e8 un&#8217;opera d&#8217;arte che combina la tenerezza della storia di Natale con la robustezza e il calore del legno naturale. Ogni elemento di questa scultura \u00e8 stato accuratamente selezionato e lavorato a mano per adattarsi al modello e alla struttura naturale della radice, che funge da elemento architettonico principale di questa creazione. Nelle profondit\u00e0 del legno, dove linee e forme si intrecciano, c&#8217;\u00e8 un santuario nascosto che offre un luogo di riflessione e pace interiore. Circondato da sabbia fine e decorato con vegetazione in miniatura che aggiunge un tocco di vita, il rifugio per le radici trasmette un senso di permanenza e di tempo, avvolto dai silenziosi testimoni della crescita naturale. Non \u00e8 solo la rappresentazione di una storia di nascita, ma anche un tributo alla natura e alla sua capacit\u00e0 di ispirarci e riportarci alle nostre radici. Il design del santuario \u00e8 tale da permettere alla luce di giocare con le ombre, creando un effetto vibrante e dinamico che cambia ad ogni angolo di osservazione e ad ogni cambio di luce. Ogni ramo, ogni foglia e ogni pezzo di legno fanno parte dell&#8217;intero quadro e insieme raccontano una storia di pace, speranza e meraviglia della vita. Il presepe &#8211; il rifugio delle radici &#8211; \u00e8 pi\u00f9 di una decorazione festiva: \u00e8 un simbolo di familiarit\u00e0, di unione e della bellezza eterna che si pu\u00f2 trovare nelle semplici ma profonde creazioni della natura.  <\/p>\n","protected":false},"excerpt":{"rendered":"<p>Il Presepe &#8211; Riparo della Radice \u00e8 un presepe naturale unico nel suo genere che unisce tradizione e natura con una vera radice per riparare Ges\u00f9 e la famiglia.<\/p>\n","protected":false},"featured_media":6662,"template":"","meta":{"site-sidebar-layout":"default","site-content-layout":"","ast-site-content-layout":"default","site-content-style":"default","site-sidebar-style":"default","ast-global-header-display":"","ast-banner-title-visibility":"","ast-main-header-display":"","ast-hfb-above-header-display":"","ast-hfb-below-header-display":"","ast-hfb-mobile-header-display":"","site-post-title":"","ast-breadcrumbs-content":"","ast-featured-img":"","footer-sml-layout":"","ast-disable-related-posts":"","theme-transparent-header-meta":"default","adv-header-id-meta":"","stick-header-meta":"","header-above-stick-meta":"","header-main-stick-meta":"","header-below-stick-meta":"","astra-migrate-meta-layouts":"default","ast-page-background-enabled":"default","ast-page-background-meta":{"desktop":{"background-color":"","background-image":"","background-repeat":"repeat","background-position":"center center","background-size":"auto","background-attachment":"scroll","background-type":"","background-media":"","overlay-type":"","overlay-color":"","overlay-opacity":"","overlay-gradient":""},"tablet":{"background-color":"","background-image":"","background-repeat":"repeat","background-position":"center center","background-size":"auto","background-attachment":"scroll","background-type":"","background-media":"","overlay-type":"","overlay-color":"","overlay-opacity":"","overlay-gradient":""},"mobile":{"background-color":"","background-image":"","background-repeat":"repeat","background-position":"center center","background-size":"auto","background-attachment":"scroll","background-type":"","background-media":"","overlay-type":"","overlay-color":"","overlay-opacity":"","overlay-gradient":""}},"ast-content-background-meta":{"desktop":{"background-color":"var(--ast-global-color-5)","background-image":"","background-repeat":"repeat","background-position":"center center","background-size":"auto","background-attachment":"scroll","background-type":"","background-media":"","overlay-type":"","overlay-color":"","overlay-opacity":"","overlay-gradient":""},"tablet":{"background-color":"var(--ast-global-color-5)","background-image":"","background-repeat":"repeat","background-position":"center center","background-size":"auto","background-attachment":"scroll","background-type":"","background-media":"","overlay-type":"","overlay-color":"","overlay-opacity":"","overlay-gradient":""},"mobile":{"background-color":"var(--ast-global-color-5)","background-image":"","background-repeat":"repeat","background-position":"center center","background-size":"auto","background-attachment":"scroll","background-type":"","background-media":"","overlay-type":"","overlay-color":"","overlay-opacity":"","overlay-gradient":""}}},"product_brand":[],"product_cat":[96],"product_tag":[],"class_list":{"0":"post-7351","1":"product","2":"type-product","3":"status-publish","4":"has-post-thumbnail","6":"product_cat-presepe-in-legno","7":"desktop-align-center","8":"tablet-align-left","9":"mobile-align-left","11":"first","12":"outofstock","13":"taxable","14":"shipping-taxable","15":"purchasable","16":"product-type-variable"},"aioseo_notices":[],"_links":{"self":[{"href":"https:\/\/bozicnejaslice.si\/it\/wp-json\/wp\/v2\/product\/7351","targetHints":{"allow":["GET"]}}],"collection":[{"href":"https:\/\/bozicnejaslice.si\/it\/wp-json\/wp\/v2\/product"}],"about":[{"href":"https:\/\/bozicnejaslice.si\/it\/wp-json\/wp\/v2\/types\/product"}],"version-history":[{"count":0,"href":"https:\/\/bozicnejaslice.si\/it\/wp-json\/wp\/v2\/product\/7351\/revisions"}],"wp:featuredmedia":[{"embeddable":true,"href":"https:\/\/bozicnejaslice.si\/it\/wp-json\/wp\/v2\/media\/6662"}],"wp:attachment":[{"href":"https:\/\/bozicnejaslice.si\/it\/wp-json\/wp\/v2\/media?parent=7351"}],"wp:term":[{"taxonomy":"product_brand","embeddable":true,"href":"https:\/\/bozicnejaslice.si\/it\/wp-json\/wp\/v2\/product_brand?post=7351"},{"taxonomy":"product_cat","embeddable":true,"href":"https:\/\/bozicnejaslice.si\/it\/wp-json\/wp\/v2\/product_cat?post=7351"},{"taxonomy":"product_tag","embeddable":true,"href":"https:\/\/bozicnejaslice.si\/it\/wp-json\/wp\/v2\/product_tag?post=7351"}],"curies":[{"name":"wp","href":"https:\/\/api.w.org\/{rel}","templated":true}]}}