{"id":8414,"date":"2024-11-26T22:03:38","date_gmt":"2024-11-26T21:03:38","guid":{"rendered":"https:\/\/bozicnejaslice.si\/izdelek\/nativita-minimalista-moderna\/"},"modified":"2024-11-26T22:03:38","modified_gmt":"2024-11-26T21:03:38","slug":"nativita-minimalista-moderna","status":"publish","type":"product","link":"https:\/\/bozicnejaslice.si\/it\/prodotto\/nativita-minimalista-moderna\/","title":{"rendered":"Nativit\u00e0 minimalista moderna"},"content":{"rendered":"<p>Le culle minimaliste moderne sono la scelta perfetta per chiunque apprezzi la semplicit\u00e0 e l&#8217;eleganza del design moderno. Questi presepesi combinano purezza delle linee, materiali di qualit\u00e0 e una perfezione estetica sottile che si integra perfettamente in qualsiasi casa moderna. <\/p>\n<p>Sono progettati con un approccio minimalista, cio\u00e8 presentano solo figure essenziali di storie natalizie come Maria, Giuseppe e il Bambino Ges\u00f9, insieme ad alcuni accessori chiave come una stella o un semplice presepe. Ogni figura \u00e8 realizzata a mano e lavorata con attenzione ai dettagli, utilizzando materiali naturali e sostenibili per creare calore e un aspetto naturale. <\/p>\n<p>I presepe minimalisti moderni sono compatti e adatti per essere posizionati su mensole, tavoli o altre superfici pi\u00f9 piccole, mantenendo per\u00f2 il simbolismo festoso e la bellezza della tradizione grazie al loro aspetto moderno. Sono una scelta ideale per chi vuole portare un&#8217;atmosfera festosa a casa in modo elegante ma semplice. <\/p>\n<p>Lascia che questo presepe sia il fulcro delle tue decorazioni natalizie, dove la tradizione incontra il design moderno. Sono anche ottimi come regalo per gli amanti dello stile minimalista e delle decorazioni festive. <\/p>\n","protected":false},"excerpt":{"rendered":"<p>I presepesi minimalisti moderni combinano semplicit\u00e0 ed eleganza. Fatte a mano, con linee pulite e materiali naturali, sono perfette per una casa moderna. <\/p>\n","protected":false},"featured_media":7813,"template":"","meta":{"site-sidebar-layout":"default","site-content-layout":"","ast-site-content-layout":"default","site-content-style":"default","site-sidebar-style":"default","ast-global-header-display":"","ast-banner-title-visibility":"","ast-main-header-display":"","ast-hfb-above-header-display":"","ast-hfb-below-header-display":"","ast-hfb-mobile-header-display":"","site-post-title":"","ast-breadcrumbs-content":"","ast-featured-img":"","footer-sml-layout":"","ast-disable-related-posts":"","theme-transparent-header-meta":"default","adv-header-id-meta":"","stick-header-meta":"","header-above-stick-meta":"","header-main-stick-meta":"","header-below-stick-meta":"","astra-migrate-meta-layouts":"default","ast-page-background-enabled":"default","ast-page-background-meta":{"desktop":{"background-color":"","background-image":"","background-repeat":"repeat","background-position":"center center","background-size":"auto","background-attachment":"scroll","background-type":"","background-media":"","overlay-type":"","overlay-color":"","overlay-opacity":"","overlay-gradient":""},"tablet":{"background-color":"","background-image":"","background-repeat":"repeat","background-position":"center center","background-size":"auto","background-attachment":"scroll","background-type":"","background-media":"","overlay-type":"","overlay-color":"","overlay-opacity":"","overlay-gradient":""},"mobile":{"background-color":"","background-image":"","background-repeat":"repeat","background-position":"center center","background-size":"auto","background-attachment":"scroll","background-type":"","background-media":"","overlay-type":"","overlay-color":"","overlay-opacity":"","overlay-gradient":""}},"ast-content-background-meta":{"desktop":{"background-color":"var(--ast-global-color-5)","background-image":"","background-repeat":"repeat","background-position":"center center","background-size":"auto","background-attachment":"scroll","background-type":"","background-media":"","overlay-type":"","overlay-color":"","overlay-opacity":"","overlay-gradient":""},"tablet":{"background-color":"var(--ast-global-color-5)","background-image":"","background-repeat":"repeat","background-position":"center center","background-size":"auto","background-attachment":"scroll","background-type":"","background-media":"","overlay-type":"","overlay-color":"","overlay-opacity":"","overlay-gradient":""},"mobile":{"background-color":"var(--ast-global-color-5)","background-image":"","background-repeat":"repeat","background-position":"center center","background-size":"auto","background-attachment":"scroll","background-type":"","background-media":"","overlay-type":"","overlay-color":"","overlay-opacity":"","overlay-gradient":""}}},"product_brand":[],"product_cat":[67],"product_tag":[],"class_list":{"0":"post-8414","1":"product","2":"type-product","3":"status-publish","4":"has-post-thumbnail","6":"product_cat-lesene-jaslice","7":"desktop-align-center","8":"tablet-align-left","9":"mobile-align-left","11":"first","12":"outofstock","13":"taxable","14":"shipping-taxable","15":"purchasable","16":"product-type-simple"},"aioseo_notices":[],"_links":{"self":[{"href":"https:\/\/bozicnejaslice.si\/it\/wp-json\/wp\/v2\/product\/8414","targetHints":{"allow":["GET"]}}],"collection":[{"href":"https:\/\/bozicnejaslice.si\/it\/wp-json\/wp\/v2\/product"}],"about":[{"href":"https:\/\/bozicnejaslice.si\/it\/wp-json\/wp\/v2\/types\/product"}],"version-history":[{"count":0,"href":"https:\/\/bozicnejaslice.si\/it\/wp-json\/wp\/v2\/product\/8414\/revisions"}],"wp:featuredmedia":[{"embeddable":true,"href":"https:\/\/bozicnejaslice.si\/it\/wp-json\/wp\/v2\/media\/7813"}],"wp:attachment":[{"href":"https:\/\/bozicnejaslice.si\/it\/wp-json\/wp\/v2\/media?parent=8414"}],"wp:term":[{"taxonomy":"product_brand","embeddable":true,"href":"https:\/\/bozicnejaslice.si\/it\/wp-json\/wp\/v2\/product_brand?post=8414"},{"taxonomy":"product_cat","embeddable":true,"href":"https:\/\/bozicnejaslice.si\/it\/wp-json\/wp\/v2\/product_cat?post=8414"},{"taxonomy":"product_tag","embeddable":true,"href":"https:\/\/bozicnejaslice.si\/it\/wp-json\/wp\/v2\/product_tag?post=8414"}],"curies":[{"name":"wp","href":"https:\/\/api.w.org\/{rel}","templated":true}]}}