{"id":8420,"date":"2024-11-26T19:43:26","date_gmt":"2024-11-26T18:43:26","guid":{"rendered":"https:\/\/bozicnejaslice.si\/izdelek\/hlevcek\/"},"modified":"2024-11-26T19:43:26","modified_gmt":"2024-11-26T18:43:26","slug":"hlevcek","status":"publish","type":"product","link":"https:\/\/bozicnejaslice.si\/it\/prodotto\/hlevcek\/","title":{"rendered":"HLEV\u010cEK"},"content":{"rendered":"<p>Il fienile \u00e8 un bellissimo e meticolosamente realizzato accessorio in legno per il tuo presepe, che sar\u00e0 il fulcro della tua allestitura natalizia. Realizzato a mano con legno di qualit\u00e0, combina l&#8217;aspetto rustico di un fienile tradizionale con dettagli accuratamente realizzati come assi di tavola, travi, tetto e spazi aperti per gli animali. Con le sue dimensioni maggiori, permette di posizionare diverse figurine, come pastori, animali o una famiglia in un fienile.  <\/p>\n<p>Il fienile \u00e8 progettato per distinguersi come parte principale del presepe, integrandosi perfettamente con altri elementi come alberi, recinzioni o decorazioni aggiuntive. La sua costruzione resistente e l&#8217;aspetto in legno naturale evocheranno un&#8217;autentica atmosfera da storia natalizia che delizier\u00e0 tutte le generazioni. <\/p>\n<p>\u00c8 adatto per essere posizionato su un tavolo, una mensola o sotto un albero di Natale, dove metter\u00e0 in risalto la bellezza del presepe e aggiunger\u00e0 calore alla decorazione festosa. Il fienile \u00e8 un&#8217;ottima scelta per chiunque apprezzi prodotti fatti a mano di qualit\u00e0 e voglia aggiungere un tocco di tradizione e arte alla propria casa. <\/p>\n","protected":false},"excerpt":{"rendered":"<p>Il fienile in legno, realizzato a mano con dettagli, \u00e8 il perfetto centro della presepe. Porta un fascino rustico e spazio per pi\u00f9 statuine e ornamenti. <\/p>\n","protected":false},"featured_media":7726,"template":"","meta":{"site-sidebar-layout":"default","site-content-layout":"","ast-site-content-layout":"default","site-content-style":"default","site-sidebar-style":"default","ast-global-header-display":"","ast-banner-title-visibility":"","ast-main-header-display":"","ast-hfb-above-header-display":"","ast-hfb-below-header-display":"","ast-hfb-mobile-header-display":"","site-post-title":"","ast-breadcrumbs-content":"","ast-featured-img":"","footer-sml-layout":"","ast-disable-related-posts":"","theme-transparent-header-meta":"default","adv-header-id-meta":"","stick-header-meta":"","header-above-stick-meta":"","header-main-stick-meta":"","header-below-stick-meta":"","astra-migrate-meta-layouts":"default","ast-page-background-enabled":"default","ast-page-background-meta":{"desktop":{"background-color":"","background-image":"","background-repeat":"repeat","background-position":"center center","background-size":"auto","background-attachment":"scroll","background-type":"","background-media":"","overlay-type":"","overlay-color":"","overlay-opacity":"","overlay-gradient":""},"tablet":{"background-color":"","background-image":"","background-repeat":"repeat","background-position":"center center","background-size":"auto","background-attachment":"scroll","background-type":"","background-media":"","overlay-type":"","overlay-color":"","overlay-opacity":"","overlay-gradient":""},"mobile":{"background-color":"","background-image":"","background-repeat":"repeat","background-position":"center center","background-size":"auto","background-attachment":"scroll","background-type":"","background-media":"","overlay-type":"","overlay-color":"","overlay-opacity":"","overlay-gradient":""}},"ast-content-background-meta":{"desktop":{"background-color":"var(--ast-global-color-5)","background-image":"","background-repeat":"repeat","background-position":"center center","background-size":"auto","background-attachment":"scroll","background-type":"","background-media":"","overlay-type":"","overlay-color":"","overlay-opacity":"","overlay-gradient":""},"tablet":{"background-color":"var(--ast-global-color-5)","background-image":"","background-repeat":"repeat","background-position":"center center","background-size":"auto","background-attachment":"scroll","background-type":"","background-media":"","overlay-type":"","overlay-color":"","overlay-opacity":"","overlay-gradient":""},"mobile":{"background-color":"var(--ast-global-color-5)","background-image":"","background-repeat":"repeat","background-position":"center center","background-size":"auto","background-attachment":"scroll","background-type":"","background-media":"","overlay-type":"","overlay-color":"","overlay-opacity":"","overlay-gradient":""}}},"product_brand":[],"product_cat":[110],"product_tag":[],"class_list":{"0":"post-8420","1":"product","2":"type-product","3":"status-publish","4":"has-post-thumbnail","6":"product_cat-hlevcek-za-jaslice","7":"desktop-align-center","8":"tablet-align-left","9":"mobile-align-left","11":"first","12":"outofstock","13":"featured","14":"taxable","15":"shipping-taxable","16":"purchasable","17":"product-type-simple"},"aioseo_notices":[],"_links":{"self":[{"href":"https:\/\/bozicnejaslice.si\/it\/wp-json\/wp\/v2\/product\/8420","targetHints":{"allow":["GET"]}}],"collection":[{"href":"https:\/\/bozicnejaslice.si\/it\/wp-json\/wp\/v2\/product"}],"about":[{"href":"https:\/\/bozicnejaslice.si\/it\/wp-json\/wp\/v2\/types\/product"}],"version-history":[{"count":0,"href":"https:\/\/bozicnejaslice.si\/it\/wp-json\/wp\/v2\/product\/8420\/revisions"}],"wp:featuredmedia":[{"embeddable":true,"href":"https:\/\/bozicnejaslice.si\/it\/wp-json\/wp\/v2\/media\/7726"}],"wp:attachment":[{"href":"https:\/\/bozicnejaslice.si\/it\/wp-json\/wp\/v2\/media?parent=8420"}],"wp:term":[{"taxonomy":"product_brand","embeddable":true,"href":"https:\/\/bozicnejaslice.si\/it\/wp-json\/wp\/v2\/product_brand?post=8420"},{"taxonomy":"product_cat","embeddable":true,"href":"https:\/\/bozicnejaslice.si\/it\/wp-json\/wp\/v2\/product_cat?post=8420"},{"taxonomy":"product_tag","embeddable":true,"href":"https:\/\/bozicnejaslice.si\/it\/wp-json\/wp\/v2\/product_tag?post=8420"}],"curies":[{"name":"wp","href":"https:\/\/api.w.org\/{rel}","templated":true}]}}