{"id":8422,"date":"2024-11-26T21:03:59","date_gmt":"2024-11-26T20:03:59","guid":{"rendered":"https:\/\/bozicnejaslice.si\/izdelek\/grande-capanno-per-la-culla\/"},"modified":"2024-11-26T21:03:59","modified_gmt":"2024-11-26T20:03:59","slug":"grande-capanno-per-la-culla","status":"publish","type":"product","link":"https:\/\/bozicnejaslice.si\/it\/prodotto\/grande-capanno-per-la-culla\/","title":{"rendered":"Grande capanno per la culla"},"content":{"rendered":"<p>Un grande capanno per la culla \u00e8 un centro centro mozzafiato che aggiunger\u00e0 un&#8217;autentica atmosfera rustica al tuo presepe. Realizzato a mano con legno di qualit\u00e0, impressiona con dettagli come travi di legno, un tetto dall&#8217;aspetto antico e un interno spazioso che permette la posposizione di diverse statuine e accessori. <\/p>\n<p>Grazie alle sue dimensioni maggiori, il fienile \u00e8 ideale per creare una scena vivace e ricca che incanter\u00e0 tutti i visitatori. Si inserisce perfettamente nel presepe tradizionale e permette di presentare perfettamente la storia di Natale. <\/p>\n<p>Questo capanno \u00e8 un prodotto artigianale duraturo e di alta qualit\u00e0, progettato per unire la bellezza naturale del legno a un tocco artistico. Lascia che sia il cuore del tuo presepe e il simbolo principale della celebrazione natalizia in casa tua. <\/p>\n","protected":false},"excerpt":{"rendered":"<p>Grazie alle sue dimensioni maggiori, il fienile \u00e8 ideale per creare una scena vivace e ricca che incanter\u00e0 tutti i visitatori<\/p>\n","protected":false},"featured_media":7819,"template":"","meta":{"site-sidebar-layout":"default","site-content-layout":"","ast-site-content-layout":"default","site-content-style":"default","site-sidebar-style":"default","ast-global-header-display":"","ast-banner-title-visibility":"","ast-main-header-display":"","ast-hfb-above-header-display":"","ast-hfb-below-header-display":"","ast-hfb-mobile-header-display":"","site-post-title":"","ast-breadcrumbs-content":"","ast-featured-img":"","footer-sml-layout":"","ast-disable-related-posts":"","theme-transparent-header-meta":"default","adv-header-id-meta":"","stick-header-meta":"","header-above-stick-meta":"","header-main-stick-meta":"","header-below-stick-meta":"","astra-migrate-meta-layouts":"default","ast-page-background-enabled":"default","ast-page-background-meta":{"desktop":{"background-color":"","background-image":"","background-repeat":"repeat","background-position":"center center","background-size":"auto","background-attachment":"scroll","background-type":"","background-media":"","overlay-type":"","overlay-color":"","overlay-opacity":"","overlay-gradient":""},"tablet":{"background-color":"","background-image":"","background-repeat":"repeat","background-position":"center center","background-size":"auto","background-attachment":"scroll","background-type":"","background-media":"","overlay-type":"","overlay-color":"","overlay-opacity":"","overlay-gradient":""},"mobile":{"background-color":"","background-image":"","background-repeat":"repeat","background-position":"center center","background-size":"auto","background-attachment":"scroll","background-type":"","background-media":"","overlay-type":"","overlay-color":"","overlay-opacity":"","overlay-gradient":""}},"ast-content-background-meta":{"desktop":{"background-color":"var(--ast-global-color-5)","background-image":"","background-repeat":"repeat","background-position":"center center","background-size":"auto","background-attachment":"scroll","background-type":"","background-media":"","overlay-type":"","overlay-color":"","overlay-opacity":"","overlay-gradient":""},"tablet":{"background-color":"var(--ast-global-color-5)","background-image":"","background-repeat":"repeat","background-position":"center center","background-size":"auto","background-attachment":"scroll","background-type":"","background-media":"","overlay-type":"","overlay-color":"","overlay-opacity":"","overlay-gradient":""},"mobile":{"background-color":"var(--ast-global-color-5)","background-image":"","background-repeat":"repeat","background-position":"center center","background-size":"auto","background-attachment":"scroll","background-type":"","background-media":"","overlay-type":"","overlay-color":"","overlay-opacity":"","overlay-gradient":""}}},"product_brand":[],"product_cat":[110],"product_tag":[],"class_list":{"0":"post-8422","1":"product","2":"type-product","3":"status-publish","4":"has-post-thumbnail","6":"product_cat-hlevcek-za-jaslice","7":"desktop-align-center","8":"tablet-align-left","9":"mobile-align-left","11":"first","12":"outofstock","13":"taxable","14":"shipping-taxable","15":"purchasable","16":"product-type-simple"},"aioseo_notices":[],"_links":{"self":[{"href":"https:\/\/bozicnejaslice.si\/it\/wp-json\/wp\/v2\/product\/8422","targetHints":{"allow":["GET"]}}],"collection":[{"href":"https:\/\/bozicnejaslice.si\/it\/wp-json\/wp\/v2\/product"}],"about":[{"href":"https:\/\/bozicnejaslice.si\/it\/wp-json\/wp\/v2\/types\/product"}],"version-history":[{"count":0,"href":"https:\/\/bozicnejaslice.si\/it\/wp-json\/wp\/v2\/product\/8422\/revisions"}],"wp:featuredmedia":[{"embeddable":true,"href":"https:\/\/bozicnejaslice.si\/it\/wp-json\/wp\/v2\/media\/7819"}],"wp:attachment":[{"href":"https:\/\/bozicnejaslice.si\/it\/wp-json\/wp\/v2\/media?parent=8422"}],"wp:term":[{"taxonomy":"product_brand","embeddable":true,"href":"https:\/\/bozicnejaslice.si\/it\/wp-json\/wp\/v2\/product_brand?post=8422"},{"taxonomy":"product_cat","embeddable":true,"href":"https:\/\/bozicnejaslice.si\/it\/wp-json\/wp\/v2\/product_cat?post=8422"},{"taxonomy":"product_tag","embeddable":true,"href":"https:\/\/bozicnejaslice.si\/it\/wp-json\/wp\/v2\/product_tag?post=8422"}],"curies":[{"name":"wp","href":"https:\/\/api.w.org\/{rel}","templated":true}]}}