{"id":8464,"date":"2024-11-26T18:40:10","date_gmt":"2024-11-26T17:40:10","guid":{"rendered":"https:\/\/bozicnejaslice.si\/izdelek\/foresta\/"},"modified":"2025-11-18T08:55:41","modified_gmt":"2025-11-18T07:55:41","slug":"foresta","status":"publish","type":"product","link":"https:\/\/bozicnejaslice.si\/it\/prodotto\/foresta\/","title":{"rendered":"Foresta"},"content":{"rendered":"<p>Il piccolo presepe &#8220;Gozdi\u010dek&#8221; dona il fascino della natura alla tua casa festosa. Fatti a mano con materiali di qualit\u00e0, includono un grazioso motivo forestale con statuine posizionate tra gli alberi e dettagli naturali. La culla \u00e8 compatta e adattata per essere posizionata su superfici pi\u00f9 piccole, come mensole, tavoli o armadietti. Grazie al design unico e al calore degli elementi in legno, sono ideali per creare un&#8217;atmosfera festosa ovunque li si colloqui. L&#8217;accessorio perfetto per gli amanti delle culle con un tocco naturale!    <\/p>\n","protected":false},"excerpt":{"rendered":"<p>Il piccolo presepe &#8220;Gozdi\u010dek&#8221; dona il fascino della natura alla tua casa festosa. Fatti a mano con materiali di qualit\u00e0, includono un grazioso motivo forestale con statuine posizionate tra gli alberi e dettagli naturali. La culla \u00e8 compatta e adattata per essere posizionata su superfici pi\u00f9 piccole, come mensole, tavoli o armadietti. Grazie al design [&hellip;]<\/p>\n","protected":false},"featured_media":7681,"template":"","meta":{"site-sidebar-layout":"default","site-content-layout":"","ast-site-content-layout":"default","site-content-style":"default","site-sidebar-style":"default","ast-global-header-display":"","ast-banner-title-visibility":"","ast-main-header-display":"","ast-hfb-above-header-display":"","ast-hfb-below-header-display":"","ast-hfb-mobile-header-display":"","site-post-title":"","ast-breadcrumbs-content":"","ast-featured-img":"","footer-sml-layout":"","ast-disable-related-posts":"","theme-transparent-header-meta":"default","adv-header-id-meta":"","stick-header-meta":"","header-above-stick-meta":"","header-main-stick-meta":"","header-below-stick-meta":"","astra-migrate-meta-layouts":"default","ast-page-background-enabled":"default","ast-page-background-meta":{"desktop":{"background-color":"","background-image":"","background-repeat":"repeat","background-position":"center center","background-size":"auto","background-attachment":"scroll","background-type":"","background-media":"","overlay-type":"","overlay-color":"","overlay-opacity":"","overlay-gradient":""},"tablet":{"background-color":"","background-image":"","background-repeat":"repeat","background-position":"center center","background-size":"auto","background-attachment":"scroll","background-type":"","background-media":"","overlay-type":"","overlay-color":"","overlay-opacity":"","overlay-gradient":""},"mobile":{"background-color":"","background-image":"","background-repeat":"repeat","background-position":"center center","background-size":"auto","background-attachment":"scroll","background-type":"","background-media":"","overlay-type":"","overlay-color":"","overlay-opacity":"","overlay-gradient":""}},"ast-content-background-meta":{"desktop":{"background-color":"var(--ast-global-color-5)","background-image":"","background-repeat":"repeat","background-position":"center center","background-size":"auto","background-attachment":"scroll","background-type":"","background-media":"","overlay-type":"","overlay-color":"","overlay-opacity":"","overlay-gradient":""},"tablet":{"background-color":"var(--ast-global-color-5)","background-image":"","background-repeat":"repeat","background-position":"center center","background-size":"auto","background-attachment":"scroll","background-type":"","background-media":"","overlay-type":"","overlay-color":"","overlay-opacity":"","overlay-gradient":""},"mobile":{"background-color":"var(--ast-global-color-5)","background-image":"","background-repeat":"repeat","background-position":"center center","background-size":"auto","background-attachment":"scroll","background-type":"","background-media":"","overlay-type":"","overlay-color":"","overlay-opacity":"","overlay-gradient":""}}},"product_brand":[],"product_cat":[96],"product_tag":[],"class_list":{"0":"post-8464","1":"product","2":"type-product","3":"status-publish","4":"has-post-thumbnail","6":"product_cat-presepe-in-legno","7":"desktop-align-center","8":"tablet-align-left","9":"mobile-align-left","11":"first","12":"outofstock","13":"taxable","14":"shipping-taxable","15":"purchasable","16":"product-type-variable"},"aioseo_notices":[],"_links":{"self":[{"href":"https:\/\/bozicnejaslice.si\/it\/wp-json\/wp\/v2\/product\/8464","targetHints":{"allow":["GET"]}}],"collection":[{"href":"https:\/\/bozicnejaslice.si\/it\/wp-json\/wp\/v2\/product"}],"about":[{"href":"https:\/\/bozicnejaslice.si\/it\/wp-json\/wp\/v2\/types\/product"}],"version-history":[{"count":1,"href":"https:\/\/bozicnejaslice.si\/it\/wp-json\/wp\/v2\/product\/8464\/revisions"}],"predecessor-version":[{"id":8481,"href":"https:\/\/bozicnejaslice.si\/it\/wp-json\/wp\/v2\/product\/8464\/revisions\/8481"}],"wp:featuredmedia":[{"embeddable":true,"href":"https:\/\/bozicnejaslice.si\/it\/wp-json\/wp\/v2\/media\/7681"}],"wp:attachment":[{"href":"https:\/\/bozicnejaslice.si\/it\/wp-json\/wp\/v2\/media?parent=8464"}],"wp:term":[{"taxonomy":"product_brand","embeddable":true,"href":"https:\/\/bozicnejaslice.si\/it\/wp-json\/wp\/v2\/product_brand?post=8464"},{"taxonomy":"product_cat","embeddable":true,"href":"https:\/\/bozicnejaslice.si\/it\/wp-json\/wp\/v2\/product_cat?post=8464"},{"taxonomy":"product_tag","embeddable":true,"href":"https:\/\/bozicnejaslice.si\/it\/wp-json\/wp\/v2\/product_tag?post=8464"}],"curies":[{"name":"wp","href":"https:\/\/api.w.org\/{rel}","templated":true}]}}